{"id":187,"date":"2019-07-24T09:23:53","date_gmt":"2019-07-24T12:23:53","guid":{"rendered":"http:\/\/maratoan.com.br\/?page_id=187"},"modified":"2019-07-25T09:43:58","modified_gmt":"2019-07-25T12:43:58","slug":"pavimentacao-2","status":"publish","type":"page","link":"https:\/\/maratoan.com.br\/index.php\/pavimentacao-2\/","title":{"rendered":"Pavimenta\u00e7\u00e3o"},"content":{"rendered":"\n<div class=\"wp-block-themeisle-blocks-advanced-columns has-1-columns has-desktop-equal-layout has-tablet-equal-layout has-mobile-equal-layout has-default-gap has-vertical-unset\" id=\"wp-block-themeisle-blocks-advanced-columns-805c08c4\" style=\"border-width:0px;border-style:solid;border-color:#000000;border-radius:0px;justify-content:unset\"><div class=\"wp-themeisle-block-overlay\" style=\"opacity:0.5;mix-blend-mode:normal\"><\/div><div class=\"innerblocks-wrap\">\n<div class=\"wp-block-themeisle-blocks-advanced-column\" id=\"wp-block-themeisle-blocks-advanced-column-23aaf847\" style=\"border-width:0px;border-style:solid;border-color:#000000;border-radius:0px\">\n<h3 style=\"text-decoration:underline;\">Pavimenta\u00e7\u00e3o<\/h3>\n\n\n\n<p>A pavimenta\u00e7\u00e3o proporciona conforto, melhora as condi\u00e7\u00f5es de limpeza, contribui para a sa\u00fade p\u00fablica, e proporciona n\u00edveis satisfat\u00f3rios de seguran\u00e7a, velocidade e economia no transporte. As obras contemplam tamb\u00e9m infraestruturas complementares como a implanta\u00e7\u00e3o de sistemas de drenagem e de cal\u00e7adas, promovem mais acessibilidade e melhores condi\u00e7\u00f5es de circula\u00e7\u00e3o nas cidades.<\/p>\n\n\n<div id=\"gt3pg_gallery1\" class=\"gt3pg_galleryid-187 gt3pg_gallery-columns-3 gt3pg_photo_gallery gt3pg-corner-type-standard gt3pg_hover-default gt3pg-type-rectangle\" data-size=\"large\" data-type=\"rectangle\" data-corner=\"standard\" data-link=\"lightbox\" data-margin=\"30\" data-instance=\"1\"><dl class=\"gt3pg_gallery-item gt3pg_element\"><div class=\"gt3pg_item_main_wrapper\"><div class=\"gt3pg_item-wrapper\"><a href=\"https:\/\/i0.wp.com\/maratoan.com.br\/wp-content\/uploads\/2019\/07\/dsc03812.jpeg?fit=750%2C500&amp;ssl=1\" class=\"gt3pg_swipebox \" data-description=\"\"><div class=\"gt3pg_img_wrap landscape\" style=\"background-image: url(https:\/\/i0.wp.com\/maratoan.com.br\/wp-content\/uploads\/2019\/07\/dsc03812.jpeg?fit=750%2C500&#038;ssl=1);\" data-width=\"1024\" data-height=\"683\" data-i=\"1\" >\r\n<img decoding=\"async\" src=\"https:\/\/i0.wp.com\/maratoan.com.br\/wp-content\/uploads\/2019\/07\/dsc03812.jpeg?fit=750%2C500&#038;ssl=1\" title=\"dsc03812\" alt=\"\" \/>\r\n<\/div><\/a>\n<\/div>\n <\/div><\/dl>\n<dl class=\"gt3pg_gallery-item gt3pg_element\"><div class=\"gt3pg_item_main_wrapper\"><div class=\"gt3pg_item-wrapper\"><a href=\"https:\/\/i0.wp.com\/maratoan.com.br\/wp-content\/uploads\/2019\/07\/depositphotos_22199691-stock-photo-street-cobblestone-texture.jpg?fit=750%2C490&amp;ssl=1\" class=\"gt3pg_swipebox \" data-description=\"\"><div class=\"gt3pg_img_wrap landscape\" style=\"background-image: url(https:\/\/i0.wp.com\/maratoan.com.br\/wp-content\/uploads\/2019\/07\/depositphotos_22199691-stock-photo-street-cobblestone-texture.jpg?fit=750%2C490&#038;ssl=1);\" data-width=\"1023\" data-height=\"669\" data-i=\"2\" >\r\n<img decoding=\"async\" src=\"https:\/\/i0.wp.com\/maratoan.com.br\/wp-content\/uploads\/2019\/07\/depositphotos_22199691-stock-photo-street-cobblestone-texture.jpg?fit=750%2C490&#038;ssl=1\" title=\"depositphotos_22199691-stock-photo-street-cobblestone-texture\" alt=\"\" \/>\r\n<\/div><\/a>\n<\/div>\n <\/div><\/dl>\n<dl class=\"gt3pg_gallery-item gt3pg_element\"><div class=\"gt3pg_item_main_wrapper\"><div class=\"gt3pg_item-wrapper\"><a href=\"https:\/\/i0.wp.com\/maratoan.com.br\/wp-content\/uploads\/2019\/07\/depositphotos_73676019-stock-photo-cobblestone-pavement-gray-abstract-background.jpg?fit=750%2C500&amp;ssl=1\" class=\"gt3pg_swipebox \" data-description=\"\"><div class=\"gt3pg_img_wrap landscape\" style=\"background-image: url(https:\/\/i0.wp.com\/maratoan.com.br\/wp-content\/uploads\/2019\/07\/depositphotos_73676019-stock-photo-cobblestone-pavement-gray-abstract-background.jpg?fit=750%2C500&#038;ssl=1);\" data-width=\"1023\" data-height=\"682\" data-i=\"3\" >\r\n<img decoding=\"async\" src=\"https:\/\/i0.wp.com\/maratoan.com.br\/wp-content\/uploads\/2019\/07\/depositphotos_73676019-stock-photo-cobblestone-pavement-gray-abstract-background.jpg?fit=750%2C500&#038;ssl=1\" title=\"depositphotos_73676019-stock-photo-cobblestone-pavement-gray-abstract-background\" alt=\"\" \/>\r\n<\/div><\/a>\n<\/div>\n <\/div><\/dl>\n<dl class=\"gt3pg_gallery-item gt3pg_element\"><div class=\"gt3pg_item_main_wrapper\"><div class=\"gt3pg_item-wrapper\"><a href=\"https:\/\/i0.wp.com\/maratoan.com.br\/wp-content\/uploads\/2019\/07\/dsc00150.jpg?fit=506%2C326&amp;ssl=1\" class=\"gt3pg_swipebox \" data-description=\"\"><div class=\"gt3pg_img_wrap landscape\" style=\"background-image: url(https:\/\/i0.wp.com\/maratoan.com.br\/wp-content\/uploads\/2019\/07\/dsc00150.jpg?fit=506%2C326&#038;ssl=1);\" data-width=\"506\" data-height=\"326\" data-i=\"4\" >\r\n<img decoding=\"async\" src=\"https:\/\/i0.wp.com\/maratoan.com.br\/wp-content\/uploads\/2019\/07\/dsc00150.jpg?fit=506%2C326&#038;ssl=1\" title=\"dsc00150\" alt=\"\" \/>\r\n<\/div><\/a>\n<\/div>\n <\/div><\/dl>\n<dl class=\"gt3pg_gallery-item gt3pg_element\"><div class=\"gt3pg_item_main_wrapper\"><div class=\"gt3pg_item-wrapper\"><a href=\"https:\/\/i0.wp.com\/maratoan.com.br\/wp-content\/uploads\/2019\/07\/foto-0079.jpg?fit=750%2C563&amp;ssl=1\" class=\"gt3pg_swipebox \" data-description=\"\"><div class=\"gt3pg_img_wrap landscape\" style=\"background-image: url(https:\/\/i0.wp.com\/maratoan.com.br\/wp-content\/uploads\/2019\/07\/foto-0079.jpg?fit=750%2C563&#038;ssl=1);\" data-width=\"1280\" data-height=\"960\" data-i=\"5\" >\r\n<img decoding=\"async\" src=\"https:\/\/i0.wp.com\/maratoan.com.br\/wp-content\/uploads\/2019\/07\/foto-0079.jpg?fit=750%2C563&#038;ssl=1\" title=\"foto-0079\" alt=\"\" \/>\r\n<\/div><\/a>\n<\/div>\n <\/div><\/dl>\n<dl class=\"gt3pg_gallery-item gt3pg_element\"><div class=\"gt3pg_item_main_wrapper\"><div class=\"gt3pg_item-wrapper\"><a href=\"https:\/\/i0.wp.com\/maratoan.com.br\/wp-content\/uploads\/2019\/07\/images-1.jpg?fit=275%2C183&amp;ssl=1\" class=\"gt3pg_swipebox \" data-description=\"\"><div class=\"gt3pg_img_wrap landscape\" style=\"background-image: url(https:\/\/i0.wp.com\/maratoan.com.br\/wp-content\/uploads\/2019\/07\/images-1.jpg?fit=275%2C183&#038;ssl=1);\" data-width=\"275\" data-height=\"183\" data-i=\"6\" >\r\n<img decoding=\"async\" src=\"https:\/\/i0.wp.com\/maratoan.com.br\/wp-content\/uploads\/2019\/07\/images-1.jpg?fit=275%2C183&#038;ssl=1\" title=\"images-1\" alt=\"\" \/>\r\n<\/div><\/a>\n<\/div>\n <\/div><\/dl>\n<dl class=\"gt3pg_gallery-item gt3pg_element\"><div class=\"gt3pg_item_main_wrapper\"><div class=\"gt3pg_item-wrapper\"><a href=\"https:\/\/i0.wp.com\/maratoan.com.br\/wp-content\/uploads\/2019\/07\/paralele2.jpeg?fit=750%2C563&amp;ssl=1\" class=\"gt3pg_swipebox \" data-description=\"\"><div class=\"gt3pg_img_wrap landscape\" style=\"background-image: url(https:\/\/i0.wp.com\/maratoan.com.br\/wp-content\/uploads\/2019\/07\/paralele2.jpeg?fit=750%2C563&#038;ssl=1);\" data-width=\"1600\" data-height=\"1200\" data-i=\"7\" >\r\n<img decoding=\"async\" src=\"https:\/\/i0.wp.com\/maratoan.com.br\/wp-content\/uploads\/2019\/07\/paralele2.jpeg?fit=750%2C563&#038;ssl=1\" title=\"paralele2\" alt=\"\" \/>\r\n<\/div><\/a>\n<\/div>\n <\/div><\/dl>\n<dl class=\"gt3pg_gallery-item gt3pg_element\"><div class=\"gt3pg_item_main_wrapper\"><div class=\"gt3pg_item-wrapper\"><a href=\"https:\/\/i0.wp.com\/maratoan.com.br\/wp-content\/uploads\/2019\/07\/2813cbb3ee94f51c8b3abca2070fad38.jpg?fit=570%2C380&amp;ssl=1\" class=\"gt3pg_swipebox \" data-description=\"\"><div class=\"gt3pg_img_wrap landscape\" style=\"background-image: url(https:\/\/i0.wp.com\/maratoan.com.br\/wp-content\/uploads\/2019\/07\/2813cbb3ee94f51c8b3abca2070fad38.jpg?fit=570%2C380&#038;ssl=1);\" data-width=\"570\" data-height=\"380\" data-i=\"8\" >\r\n<img decoding=\"async\" src=\"https:\/\/i0.wp.com\/maratoan.com.br\/wp-content\/uploads\/2019\/07\/2813cbb3ee94f51c8b3abca2070fad38.jpg?fit=570%2C380&#038;ssl=1\" title=\"2813cbb3ee94f51c8b3abca2070fad38\" alt=\"\" \/>\r\n<\/div><\/a>\n<\/div>\n <\/div><\/dl>\n<dl class=\"gt3pg_gallery-item gt3pg_element\"><div class=\"gt3pg_item_main_wrapper\"><div class=\"gt3pg_item-wrapper\"><a href=\"https:\/\/i0.wp.com\/maratoan.com.br\/wp-content\/uploads\/2019\/07\/pavimentacao.jpg?fit=259%2C194&amp;ssl=1\" class=\"gt3pg_swipebox \" data-description=\"\"><div class=\"gt3pg_img_wrap landscape\" style=\"background-image: url(https:\/\/i0.wp.com\/maratoan.com.br\/wp-content\/uploads\/2019\/07\/pavimentacao.jpg?fit=259%2C194&#038;ssl=1);\" data-width=\"259\" data-height=\"194\" data-i=\"9\" >\r\n<img decoding=\"async\" src=\"https:\/\/i0.wp.com\/maratoan.com.br\/wp-content\/uploads\/2019\/07\/pavimentacao.jpg?fit=259%2C194&#038;ssl=1\" title=\"pavimentacao\" alt=\"\" \/>\r\n<\/div><\/a>\n<\/div>\n <\/div><\/dl>\n<dl class=\"gt3pg_gallery-item gt3pg_element\"><div class=\"gt3pg_item_main_wrapper\"><div class=\"gt3pg_item-wrapper\"><a href=\"https:\/\/i0.wp.com\/maratoan.com.br\/wp-content\/uploads\/2019\/07\/shutterstock_110555981.jpg?fit=750%2C608&amp;ssl=1\" class=\"gt3pg_swipebox \" data-description=\"\"><div class=\"gt3pg_img_wrap landscape\" style=\"background-image: url(https:\/\/i0.wp.com\/maratoan.com.br\/wp-content\/uploads\/2019\/07\/shutterstock_110555981.jpg?fit=750%2C608&#038;ssl=1);\" data-width=\"4600\" data-height=\"3730\" data-i=\"10\" >\r\n<img decoding=\"async\" src=\"https:\/\/i0.wp.com\/maratoan.com.br\/wp-content\/uploads\/2019\/07\/shutterstock_110555981.jpg?fit=750%2C608&#038;ssl=1\" title=\"shutterstock_110555981\" alt=\"\" \/>\r\n<\/div><\/a>\n<\/div>\n <\/div><\/dl>\n<dl class=\"gt3pg_gallery-item gt3pg_element\"><div class=\"gt3pg_item_main_wrapper\"><div class=\"gt3pg_item-wrapper\"><a href=\"https:\/\/i0.wp.com\/maratoan.com.br\/wp-content\/uploads\/2019\/07\/contato3.jpg?fit=750%2C481&amp;ssl=1\" class=\"gt3pg_swipebox \" data-description=\"\"><div class=\"gt3pg_img_wrap landscape\" style=\"background-image: url(https:\/\/i0.wp.com\/maratoan.com.br\/wp-content\/uploads\/2019\/07\/contato3.jpg?fit=750%2C481&#038;ssl=1);\" data-width=\"2823\" data-height=\"1810\" data-i=\"11\" >\r\n<img decoding=\"async\" src=\"https:\/\/i0.wp.com\/maratoan.com.br\/wp-content\/uploads\/2019\/07\/contato3.jpg?fit=750%2C481&#038;ssl=1\" title=\"contato3\" alt=\"\" \/>\r\n<\/div><\/a>\n<\/div>\n <\/div><\/dl>\n<\/div>\n <style type='text\/css'>\r\n\t\t\t#gt3pg_gallery1 .gt3pg_item_main_wrapper {\r\n\t\t\t\tpadding: 15px\r\n\t\t\t}\r\n\t\t\t<\/style>\n\t\t<\/div>\n<\/div><\/div>\n","protected":false},"excerpt":{"rendered":"","protected":false},"author":1,"featured_media":48,"parent":0,"menu_order":0,"comment_status":"closed","ping_status":"closed","template":"","meta":{"_monsterinsights_skip_tracking":false,"_monsterinsights_sitenote_active":false,"_monsterinsights_sitenote_note":"","_monsterinsights_sitenote_category":0,"footnotes":""},"class_list":["post-187","page","type-page","status-publish","has-post-thumbnail","hentry"],"yoast_head":"<!-- This site is optimized with the Yoast SEO plugin v24.8.1 - https:\/\/yoast.com\/wordpress\/plugins\/seo\/ -->\n<title>Pavimenta\u00e7\u00e3o - MARATOAN<\/title>\n<meta name=\"robots\" content=\"index, follow, max-snippet:-1, max-image-preview:large, max-video-preview:-1\" \/>\n<link rel=\"canonical\" href=\"https:\/\/maratoan.com.br\/index.php\/pavimentacao-2\/\" \/>\n<meta property=\"og:locale\" content=\"pt_BR\" \/>\n<meta property=\"og:type\" content=\"article\" \/>\n<meta property=\"og:title\" content=\"Pavimenta\u00e7\u00e3o - MARATOAN\" \/>\n<meta property=\"og:url\" content=\"https:\/\/maratoan.com.br\/index.php\/pavimentacao-2\/\" \/>\n<meta property=\"og:site_name\" content=\"MARATOAN\" \/>\n<meta property=\"article:modified_time\" content=\"2019-07-25T12:43:58+00:00\" \/>\n<meta property=\"og:image\" content=\"https:\/\/maratoan.com.br\/wp-content\/uploads\/2019\/07\/contato-1024x1024.jpg\" \/>\n\t<meta property=\"og:image:width\" content=\"1024\" \/>\n\t<meta property=\"og:image:height\" content=\"1024\" \/>\n\t<meta property=\"og:image:type\" content=\"image\/jpeg\" \/>\n<meta name=\"twitter:card\" content=\"summary_large_image\" \/>\n<script type=\"application\/ld+json\" class=\"yoast-schema-graph\">{\"@context\":\"https:\/\/schema.org\",\"@graph\":[{\"@type\":\"WebPage\",\"@id\":\"https:\/\/maratoan.com.br\/index.php\/pavimentacao-2\/\",\"url\":\"https:\/\/maratoan.com.br\/index.php\/pavimentacao-2\/\",\"name\":\"Pavimenta\u00e7\u00e3o - MARATOAN\",\"isPartOf\":{\"@id\":\"https:\/\/maratoan.com.br\/#website\"},\"primaryImageOfPage\":{\"@id\":\"https:\/\/maratoan.com.br\/index.php\/pavimentacao-2\/#primaryimage\"},\"image\":{\"@id\":\"https:\/\/maratoan.com.br\/index.php\/pavimentacao-2\/#primaryimage\"},\"thumbnailUrl\":\"https:\/\/i0.wp.com\/maratoan.com.br\/wp-content\/uploads\/2019\/07\/contato.jpg?fit=2823%2C2823&ssl=1\",\"datePublished\":\"2019-07-24T12:23:53+00:00\",\"dateModified\":\"2019-07-25T12:43:58+00:00\",\"breadcrumb\":{\"@id\":\"https:\/\/maratoan.com.br\/index.php\/pavimentacao-2\/#breadcrumb\"},\"inLanguage\":\"pt-BR\",\"potentialAction\":[{\"@type\":\"ReadAction\",\"target\":[\"https:\/\/maratoan.com.br\/index.php\/pavimentacao-2\/\"]}]},{\"@type\":\"ImageObject\",\"inLanguage\":\"pt-BR\",\"@id\":\"https:\/\/maratoan.com.br\/index.php\/pavimentacao-2\/#primaryimage\",\"url\":\"https:\/\/i0.wp.com\/maratoan.com.br\/wp-content\/uploads\/2019\/07\/contato.jpg?fit=2823%2C2823&ssl=1\",\"contentUrl\":\"https:\/\/i0.wp.com\/maratoan.com.br\/wp-content\/uploads\/2019\/07\/contato.jpg?fit=2823%2C2823&ssl=1\",\"width\":2823,\"height\":2823},{\"@type\":\"BreadcrumbList\",\"@id\":\"https:\/\/maratoan.com.br\/index.php\/pavimentacao-2\/#breadcrumb\",\"itemListElement\":[{\"@type\":\"ListItem\",\"position\":1,\"name\":\"In\u00edcio\",\"item\":\"https:\/\/maratoan.com.br\/\"},{\"@type\":\"ListItem\",\"position\":2,\"name\":\"Pavimenta\u00e7\u00e3o\"}]},{\"@type\":\"WebSite\",\"@id\":\"https:\/\/maratoan.com.br\/#website\",\"url\":\"https:\/\/maratoan.com.br\/\",\"name\":\"MARATOAN\",\"description\":\"Novo modo de fazer engenharia\",\"publisher\":{\"@id\":\"https:\/\/maratoan.com.br\/#organization\"},\"potentialAction\":[{\"@type\":\"SearchAction\",\"target\":{\"@type\":\"EntryPoint\",\"urlTemplate\":\"https:\/\/maratoan.com.br\/?s={search_term_string}\"},\"query-input\":{\"@type\":\"PropertyValueSpecification\",\"valueRequired\":true,\"valueName\":\"search_term_string\"}}],\"inLanguage\":\"pt-BR\"},{\"@type\":\"Organization\",\"@id\":\"https:\/\/maratoan.com.br\/#organization\",\"name\":\"MARATOAN\",\"url\":\"https:\/\/maratoan.com.br\/\",\"logo\":{\"@type\":\"ImageObject\",\"inLanguage\":\"pt-BR\",\"@id\":\"https:\/\/maratoan.com.br\/#\/schema\/logo\/image\/\",\"url\":\"https:\/\/i0.wp.com\/maratoan.com.br\/wp-content\/uploads\/2019\/07\/logoMaratoan.jpg?fit=2176%2C474&ssl=1\",\"contentUrl\":\"https:\/\/i0.wp.com\/maratoan.com.br\/wp-content\/uploads\/2019\/07\/logoMaratoan.jpg?fit=2176%2C474&ssl=1\",\"width\":2176,\"height\":474,\"caption\":\"MARATOAN\"},\"image\":{\"@id\":\"https:\/\/maratoan.com.br\/#\/schema\/logo\/image\/\"}}]}<\/script>\n<!-- \/ Yoast SEO plugin. -->","yoast_head_json":{"title":"Pavimenta\u00e7\u00e3o - MARATOAN","robots":{"index":"index","follow":"follow","max-snippet":"max-snippet:-1","max-image-preview":"max-image-preview:large","max-video-preview":"max-video-preview:-1"},"canonical":"https:\/\/maratoan.com.br\/index.php\/pavimentacao-2\/","og_locale":"pt_BR","og_type":"article","og_title":"Pavimenta\u00e7\u00e3o - MARATOAN","og_url":"https:\/\/maratoan.com.br\/index.php\/pavimentacao-2\/","og_site_name":"MARATOAN","article_modified_time":"2019-07-25T12:43:58+00:00","og_image":[{"width":1024,"height":1024,"url":"https:\/\/maratoan.com.br\/wp-content\/uploads\/2019\/07\/contato-1024x1024.jpg","type":"image\/jpeg"}],"twitter_card":"summary_large_image","schema":{"@context":"https:\/\/schema.org","@graph":[{"@type":"WebPage","@id":"https:\/\/maratoan.com.br\/index.php\/pavimentacao-2\/","url":"https:\/\/maratoan.com.br\/index.php\/pavimentacao-2\/","name":"Pavimenta\u00e7\u00e3o - MARATOAN","isPartOf":{"@id":"https:\/\/maratoan.com.br\/#website"},"primaryImageOfPage":{"@id":"https:\/\/maratoan.com.br\/index.php\/pavimentacao-2\/#primaryimage"},"image":{"@id":"https:\/\/maratoan.com.br\/index.php\/pavimentacao-2\/#primaryimage"},"thumbnailUrl":"https:\/\/i0.wp.com\/maratoan.com.br\/wp-content\/uploads\/2019\/07\/contato.jpg?fit=2823%2C2823&ssl=1","datePublished":"2019-07-24T12:23:53+00:00","dateModified":"2019-07-25T12:43:58+00:00","breadcrumb":{"@id":"https:\/\/maratoan.com.br\/index.php\/pavimentacao-2\/#breadcrumb"},"inLanguage":"pt-BR","potentialAction":[{"@type":"ReadAction","target":["https:\/\/maratoan.com.br\/index.php\/pavimentacao-2\/"]}]},{"@type":"ImageObject","inLanguage":"pt-BR","@id":"https:\/\/maratoan.com.br\/index.php\/pavimentacao-2\/#primaryimage","url":"https:\/\/i0.wp.com\/maratoan.com.br\/wp-content\/uploads\/2019\/07\/contato.jpg?fit=2823%2C2823&ssl=1","contentUrl":"https:\/\/i0.wp.com\/maratoan.com.br\/wp-content\/uploads\/2019\/07\/contato.jpg?fit=2823%2C2823&ssl=1","width":2823,"height":2823},{"@type":"BreadcrumbList","@id":"https:\/\/maratoan.com.br\/index.php\/pavimentacao-2\/#breadcrumb","itemListElement":[{"@type":"ListItem","position":1,"name":"In\u00edcio","item":"https:\/\/maratoan.com.br\/"},{"@type":"ListItem","position":2,"name":"Pavimenta\u00e7\u00e3o"}]},{"@type":"WebSite","@id":"https:\/\/maratoan.com.br\/#website","url":"https:\/\/maratoan.com.br\/","name":"MARATOAN","description":"Novo modo de fazer engenharia","publisher":{"@id":"https:\/\/maratoan.com.br\/#organization"},"potentialAction":[{"@type":"SearchAction","target":{"@type":"EntryPoint","urlTemplate":"https:\/\/maratoan.com.br\/?s={search_term_string}"},"query-input":{"@type":"PropertyValueSpecification","valueRequired":true,"valueName":"search_term_string"}}],"inLanguage":"pt-BR"},{"@type":"Organization","@id":"https:\/\/maratoan.com.br\/#organization","name":"MARATOAN","url":"https:\/\/maratoan.com.br\/","logo":{"@type":"ImageObject","inLanguage":"pt-BR","@id":"https:\/\/maratoan.com.br\/#\/schema\/logo\/image\/","url":"https:\/\/i0.wp.com\/maratoan.com.br\/wp-content\/uploads\/2019\/07\/logoMaratoan.jpg?fit=2176%2C474&ssl=1","contentUrl":"https:\/\/i0.wp.com\/maratoan.com.br\/wp-content\/uploads\/2019\/07\/logoMaratoan.jpg?fit=2176%2C474&ssl=1","width":2176,"height":474,"caption":"MARATOAN"},"image":{"@id":"https:\/\/maratoan.com.br\/#\/schema\/logo\/image\/"}}]}},"jetpack-related-posts":[],"jetpack_sharing_enabled":true,"_links":{"self":[{"href":"https:\/\/maratoan.com.br\/index.php\/wp-json\/wp\/v2\/pages\/187","targetHints":{"allow":["GET"]}}],"collection":[{"href":"https:\/\/maratoan.com.br\/index.php\/wp-json\/wp\/v2\/pages"}],"about":[{"href":"https:\/\/maratoan.com.br\/index.php\/wp-json\/wp\/v2\/types\/page"}],"author":[{"embeddable":true,"href":"https:\/\/maratoan.com.br\/index.php\/wp-json\/wp\/v2\/users\/1"}],"replies":[{"embeddable":true,"href":"https:\/\/maratoan.com.br\/index.php\/wp-json\/wp\/v2\/comments?post=187"}],"version-history":[{"count":0,"href":"https:\/\/maratoan.com.br\/index.php\/wp-json\/wp\/v2\/pages\/187\/revisions"}],"wp:featuredmedia":[{"embeddable":true,"href":"https:\/\/maratoan.com.br\/index.php\/wp-json\/wp\/v2\/media\/48"}],"wp:attachment":[{"href":"https:\/\/maratoan.com.br\/index.php\/wp-json\/wp\/v2\/media?parent=187"}],"curies":[{"name":"wp","href":"https:\/\/api.w.org\/{rel}","templated":true}]}}