{"id":21,"date":"2019-07-23T11:05:55","date_gmt":"2019-07-23T14:05:55","guid":{"rendered":"http:\/\/maratoan.com.br\/?page_id=21"},"modified":"2019-07-24T23:36:22","modified_gmt":"2019-07-25T02:36:22","slug":"pagina-inicial","status":"publish","type":"page","link":"https:\/\/maratoan.com.br\/","title":{"rendered":"P\u00e1gina inicial"},"content":{"rendered":"\n<h1>Precisa de mais informa\u00e7\u00f5es?  &nbsp;&nbsp;&nbsp;&nbsp;&nbsp;&nbsp;&nbsp;&nbsp;&nbsp;&nbsp;&nbsp;&nbsp;&nbsp;&nbsp;&nbsp;&nbsp;&nbsp; <a href=\"https:\/\/api.whatsapp.com\/send?l=pt_br&amp;phone=5561981978967\" target=\"_blank\" rel=\"noopener noreferrer\" class=\"customize-unpreviewable\" id=\"imagem_zap_about\"><img data-recalc-dims=\"1\" loading=\"lazy\" decoding=\"async\" class=\"alignnone size-full wp-image-121\" src=\"https:\/\/i0.wp.com\/maratoan.com.br\/wp-content\/uploads\/2019\/07\/zap3.png?resize=45%2C45&#038;ssl=1\" alt=\"\" width=\"45\" height=\"45\"> (61) 98197-8967\n\t<\/a><\/h1>\n","protected":false},"excerpt":{"rendered":"<p>Precisa de mais informa\u00e7\u00f5es? &nbsp;&nbsp;&nbsp;&nbsp;&nbsp;&nbsp;&nbsp;&nbsp;&nbsp;&nbsp;&nbsp;&nbsp;&nbsp;&nbsp;&nbsp;&nbsp;&nbsp; (61) 98197-8967<\/p>\n","protected":false},"author":1,"featured_media":0,"parent":0,"menu_order":0,"comment_status":"closed","ping_status":"closed","template":"","meta":{"_monsterinsights_skip_tracking":false,"_monsterinsights_sitenote_active":false,"_monsterinsights_sitenote_note":"","_monsterinsights_sitenote_category":0,"footnotes":""},"class_list":["post-21","page","type-page","status-publish","hentry"],"yoast_head":"<!-- This site is optimized with the Yoast SEO plugin v24.8.1 - https:\/\/yoast.com\/wordpress\/plugins\/seo\/ -->\n<title>P\u00e1gina inicial - MARATOAN<\/title>\n<meta name=\"robots\" content=\"index, follow, max-snippet:-1, max-image-preview:large, max-video-preview:-1\" \/>\n<link rel=\"canonical\" href=\"https:\/\/maratoan.com.br\/\" \/>\n<meta property=\"og:locale\" content=\"pt_BR\" \/>\n<meta property=\"og:type\" content=\"article\" \/>\n<meta property=\"og:title\" content=\"P\u00e1gina inicial - MARATOAN\" \/>\n<meta property=\"og:description\" content=\"Precisa de mais informa\u00e7\u00f5es? &nbsp;&nbsp;&nbsp;&nbsp;&nbsp;&nbsp;&nbsp;&nbsp;&nbsp;&nbsp;&nbsp;&nbsp;&nbsp;&nbsp;&nbsp;&nbsp;&nbsp; (61) 98197-8967\" \/>\n<meta property=\"og:url\" content=\"https:\/\/maratoan.com.br\/\" \/>\n<meta property=\"og:site_name\" content=\"MARATOAN\" \/>\n<meta property=\"article:modified_time\" content=\"2019-07-25T02:36:22+00:00\" \/>\n<meta property=\"og:image\" content=\"https:\/\/maratoan.com.br\/wp-content\/uploads\/2019\/07\/zap3.png\" \/>\n<meta name=\"twitter:card\" content=\"summary_large_image\" \/>\n<script type=\"application\/ld+json\" class=\"yoast-schema-graph\">{\"@context\":\"https:\/\/schema.org\",\"@graph\":[{\"@type\":\"WebPage\",\"@id\":\"https:\/\/maratoan.com.br\/\",\"url\":\"https:\/\/maratoan.com.br\/\",\"name\":\"P\u00e1gina inicial - MARATOAN\",\"isPartOf\":{\"@id\":\"https:\/\/maratoan.com.br\/#website\"},\"primaryImageOfPage\":{\"@id\":\"https:\/\/maratoan.com.br\/#primaryimage\"},\"image\":{\"@id\":\"https:\/\/maratoan.com.br\/#primaryimage\"},\"thumbnailUrl\":\"https:\/\/maratoan.com.br\/wp-content\/uploads\/2019\/07\/zap3.png\",\"datePublished\":\"2019-07-23T14:05:55+00:00\",\"dateModified\":\"2019-07-25T02:36:22+00:00\",\"breadcrumb\":{\"@id\":\"https:\/\/maratoan.com.br\/#breadcrumb\"},\"inLanguage\":\"pt-BR\",\"potentialAction\":[{\"@type\":\"ReadAction\",\"target\":[\"https:\/\/maratoan.com.br\/\"]}]},{\"@type\":\"ImageObject\",\"inLanguage\":\"pt-BR\",\"@id\":\"https:\/\/maratoan.com.br\/#primaryimage\",\"url\":\"https:\/\/i0.wp.com\/maratoan.com.br\/wp-content\/uploads\/2019\/07\/zap3.png?fit=659%2C668&ssl=1\",\"contentUrl\":\"https:\/\/i0.wp.com\/maratoan.com.br\/wp-content\/uploads\/2019\/07\/zap3.png?fit=659%2C668&ssl=1\",\"width\":659,\"height\":668},{\"@type\":\"BreadcrumbList\",\"@id\":\"https:\/\/maratoan.com.br\/#breadcrumb\",\"itemListElement\":[{\"@type\":\"ListItem\",\"position\":1,\"name\":\"In\u00edcio\",\"item\":\"https:\/\/maratoan.com.br\/\"},{\"@type\":\"ListItem\",\"position\":2,\"name\":\"P\u00e1gina inicial\"}]},{\"@type\":\"WebSite\",\"@id\":\"https:\/\/maratoan.com.br\/#website\",\"url\":\"https:\/\/maratoan.com.br\/\",\"name\":\"MARATOAN\",\"description\":\"Novo modo de fazer engenharia\",\"publisher\":{\"@id\":\"https:\/\/maratoan.com.br\/#organization\"},\"potentialAction\":[{\"@type\":\"SearchAction\",\"target\":{\"@type\":\"EntryPoint\",\"urlTemplate\":\"https:\/\/maratoan.com.br\/?s={search_term_string}\"},\"query-input\":{\"@type\":\"PropertyValueSpecification\",\"valueRequired\":true,\"valueName\":\"search_term_string\"}}],\"inLanguage\":\"pt-BR\"},{\"@type\":\"Organization\",\"@id\":\"https:\/\/maratoan.com.br\/#organization\",\"name\":\"MARATOAN\",\"url\":\"https:\/\/maratoan.com.br\/\",\"logo\":{\"@type\":\"ImageObject\",\"inLanguage\":\"pt-BR\",\"@id\":\"https:\/\/maratoan.com.br\/#\/schema\/logo\/image\/\",\"url\":\"https:\/\/i0.wp.com\/maratoan.com.br\/wp-content\/uploads\/2019\/07\/logoMaratoan.jpg?fit=2176%2C474&ssl=1\",\"contentUrl\":\"https:\/\/i0.wp.com\/maratoan.com.br\/wp-content\/uploads\/2019\/07\/logoMaratoan.jpg?fit=2176%2C474&ssl=1\",\"width\":2176,\"height\":474,\"caption\":\"MARATOAN\"},\"image\":{\"@id\":\"https:\/\/maratoan.com.br\/#\/schema\/logo\/image\/\"}}]}<\/script>\n<!-- \/ Yoast SEO plugin. -->","yoast_head_json":{"title":"P\u00e1gina inicial - MARATOAN","robots":{"index":"index","follow":"follow","max-snippet":"max-snippet:-1","max-image-preview":"max-image-preview:large","max-video-preview":"max-video-preview:-1"},"canonical":"https:\/\/maratoan.com.br\/","og_locale":"pt_BR","og_type":"article","og_title":"P\u00e1gina inicial - MARATOAN","og_description":"Precisa de mais informa\u00e7\u00f5es? &nbsp;&nbsp;&nbsp;&nbsp;&nbsp;&nbsp;&nbsp;&nbsp;&nbsp;&nbsp;&nbsp;&nbsp;&nbsp;&nbsp;&nbsp;&nbsp;&nbsp; (61) 98197-8967","og_url":"https:\/\/maratoan.com.br\/","og_site_name":"MARATOAN","article_modified_time":"2019-07-25T02:36:22+00:00","og_image":[{"url":"https:\/\/maratoan.com.br\/wp-content\/uploads\/2019\/07\/zap3.png","type":"","width":"","height":""}],"twitter_card":"summary_large_image","schema":{"@context":"https:\/\/schema.org","@graph":[{"@type":"WebPage","@id":"https:\/\/maratoan.com.br\/","url":"https:\/\/maratoan.com.br\/","name":"P\u00e1gina inicial - MARATOAN","isPartOf":{"@id":"https:\/\/maratoan.com.br\/#website"},"primaryImageOfPage":{"@id":"https:\/\/maratoan.com.br\/#primaryimage"},"image":{"@id":"https:\/\/maratoan.com.br\/#primaryimage"},"thumbnailUrl":"https:\/\/maratoan.com.br\/wp-content\/uploads\/2019\/07\/zap3.png","datePublished":"2019-07-23T14:05:55+00:00","dateModified":"2019-07-25T02:36:22+00:00","breadcrumb":{"@id":"https:\/\/maratoan.com.br\/#breadcrumb"},"inLanguage":"pt-BR","potentialAction":[{"@type":"ReadAction","target":["https:\/\/maratoan.com.br\/"]}]},{"@type":"ImageObject","inLanguage":"pt-BR","@id":"https:\/\/maratoan.com.br\/#primaryimage","url":"https:\/\/i0.wp.com\/maratoan.com.br\/wp-content\/uploads\/2019\/07\/zap3.png?fit=659%2C668&ssl=1","contentUrl":"https:\/\/i0.wp.com\/maratoan.com.br\/wp-content\/uploads\/2019\/07\/zap3.png?fit=659%2C668&ssl=1","width":659,"height":668},{"@type":"BreadcrumbList","@id":"https:\/\/maratoan.com.br\/#breadcrumb","itemListElement":[{"@type":"ListItem","position":1,"name":"In\u00edcio","item":"https:\/\/maratoan.com.br\/"},{"@type":"ListItem","position":2,"name":"P\u00e1gina inicial"}]},{"@type":"WebSite","@id":"https:\/\/maratoan.com.br\/#website","url":"https:\/\/maratoan.com.br\/","name":"MARATOAN","description":"Novo modo de fazer engenharia","publisher":{"@id":"https:\/\/maratoan.com.br\/#organization"},"potentialAction":[{"@type":"SearchAction","target":{"@type":"EntryPoint","urlTemplate":"https:\/\/maratoan.com.br\/?s={search_term_string}"},"query-input":{"@type":"PropertyValueSpecification","valueRequired":true,"valueName":"search_term_string"}}],"inLanguage":"pt-BR"},{"@type":"Organization","@id":"https:\/\/maratoan.com.br\/#organization","name":"MARATOAN","url":"https:\/\/maratoan.com.br\/","logo":{"@type":"ImageObject","inLanguage":"pt-BR","@id":"https:\/\/maratoan.com.br\/#\/schema\/logo\/image\/","url":"https:\/\/i0.wp.com\/maratoan.com.br\/wp-content\/uploads\/2019\/07\/logoMaratoan.jpg?fit=2176%2C474&ssl=1","contentUrl":"https:\/\/i0.wp.com\/maratoan.com.br\/wp-content\/uploads\/2019\/07\/logoMaratoan.jpg?fit=2176%2C474&ssl=1","width":2176,"height":474,"caption":"MARATOAN"},"image":{"@id":"https:\/\/maratoan.com.br\/#\/schema\/logo\/image\/"}}]}},"jetpack-related-posts":[],"jetpack_sharing_enabled":true,"_links":{"self":[{"href":"https:\/\/maratoan.com.br\/index.php\/wp-json\/wp\/v2\/pages\/21","targetHints":{"allow":["GET"]}}],"collection":[{"href":"https:\/\/maratoan.com.br\/index.php\/wp-json\/wp\/v2\/pages"}],"about":[{"href":"https:\/\/maratoan.com.br\/index.php\/wp-json\/wp\/v2\/types\/page"}],"author":[{"embeddable":true,"href":"https:\/\/maratoan.com.br\/index.php\/wp-json\/wp\/v2\/users\/1"}],"replies":[{"embeddable":true,"href":"https:\/\/maratoan.com.br\/index.php\/wp-json\/wp\/v2\/comments?post=21"}],"version-history":[{"count":0,"href":"https:\/\/maratoan.com.br\/index.php\/wp-json\/wp\/v2\/pages\/21\/revisions"}],"wp:attachment":[{"href":"https:\/\/maratoan.com.br\/index.php\/wp-json\/wp\/v2\/media?parent=21"}],"curies":[{"name":"wp","href":"https:\/\/api.w.org\/{rel}","templated":true}]}}