{"id":222,"date":"2019-07-24T23:32:33","date_gmt":"2019-07-25T02:32:33","guid":{"rendered":"http:\/\/maratoan.com.br\/?page_id=222"},"modified":"2019-07-25T10:01:12","modified_gmt":"2019-07-25T13:01:12","slug":"analise-geotecnica","status":"publish","type":"page","link":"https:\/\/maratoan.com.br\/index.php\/analise-geotecnica\/","title":{"rendered":"An\u00e1lise Geot\u00e9cnica"},"content":{"rendered":"\n<div class=\"wp-block-themeisle-blocks-advanced-columns has-1-columns has-desktop-equal-layout has-tablet-equal-layout has-mobile-equal-layout has-default-gap has-vertical-unset\" id=\"wp-block-themeisle-blocks-advanced-columns-32f99051\" style=\"border-width:0px;border-style:solid;border-color:#000000;border-radius:0px;justify-content:unset\"><div class=\"wp-themeisle-block-overlay\" style=\"opacity:0.5;mix-blend-mode:normal\"><\/div><div class=\"innerblocks-wrap\">\n<div class=\"wp-block-themeisle-blocks-advanced-column\" id=\"wp-block-themeisle-blocks-advanced-column-bb334970\" style=\"border-width:0px;border-style:solid;border-color:#000000;border-radius:0px\">\n<h3 style=\"text-decoration:underline;\">An\u00e1lise Geot\u00e9cnica<\/h3>\n\n\n\n<p>Para o reconhecimento dos perfis dos solos e suas respectivas caracter\u00edsticas geot\u00e9cnicas, \u00e9 realizado uma investiga\u00e7\u00e3o geot\u00e9cnica. Um exemplo, \u00e9 a sondagem, que atrav\u00e9s de descri\u00e7\u00f5es e \u00edndices obtidos para as diversas camadas existentes, determinam a varia\u00e7\u00e3o da resist\u00eancia do solo com a profundidade, pois quando n\u00e3o \u00e9 realizada ou quando os dados correlatos s\u00e3o mal interpretados, os projetos podem atrasar ou sa\u00edrem inadequados, os custos aumentam, podem ocorrer problemas ambientais, rupturas e at\u00e9 mesmo patologias estruturais.<\/p>\n\n\n<div id=\"gt3pg_gallery1\" class=\"gt3pg_galleryid-222 gt3pg_gallery-columns-3 gt3pg_photo_gallery gt3pg-corner-type-standard gt3pg_hover-default gt3pg-type-rectangle\" data-size=\"large\" data-type=\"rectangle\" data-corner=\"standard\" data-link=\"lightbox\" data-margin=\"30\" data-instance=\"1\"><dl class=\"gt3pg_gallery-item gt3pg_element\"><div class=\"gt3pg_item_main_wrapper\"><div class=\"gt3pg_item-wrapper\"><a href=\"https:\/\/i0.wp.com\/maratoan.com.br\/wp-content\/uploads\/2019\/07\/analise_geotecnica_v2.jpg?fit=351%2C355&amp;ssl=1\" class=\"gt3pg_swipebox \" data-description=\"\"><div class=\"gt3pg_img_wrap portrait\" style=\"background-image: url(https:\/\/i0.wp.com\/maratoan.com.br\/wp-content\/uploads\/2019\/07\/analise_geotecnica_v2.jpg?fit=351%2C355&#038;ssl=1);\" data-width=\"351\" data-height=\"355\" data-i=\"1\" >\r\n<img decoding=\"async\" src=\"https:\/\/i0.wp.com\/maratoan.com.br\/wp-content\/uploads\/2019\/07\/analise_geotecnica_v2.jpg?fit=351%2C355&#038;ssl=1\" title=\"analise_geotecnica_v2\" alt=\"\" \/>\r\n<\/div><\/a>\n<\/div>\n <\/div><\/dl>\n<dl class=\"gt3pg_gallery-item gt3pg_element\"><div class=\"gt3pg_item_main_wrapper\"><div class=\"gt3pg_item-wrapper\"><a href=\"https:\/\/i0.wp.com\/maratoan.com.br\/wp-content\/uploads\/2019\/07\/analise_geotecnica.jpg?fit=750%2C260&amp;ssl=1\" class=\"gt3pg_swipebox \" data-description=\"\"><div class=\"gt3pg_img_wrap landscape\" style=\"background-image: url(https:\/\/i0.wp.com\/maratoan.com.br\/wp-content\/uploads\/2019\/07\/analise_geotecnica.jpg?fit=750%2C260&#038;ssl=1);\" data-width=\"1024\" data-height=\"355\" data-i=\"2\" >\r\n<img decoding=\"async\" src=\"https:\/\/i0.wp.com\/maratoan.com.br\/wp-content\/uploads\/2019\/07\/analise_geotecnica.jpg?fit=750%2C260&#038;ssl=1\" title=\"analise_geotecnica\" alt=\"\" \/>\r\n<\/div><\/a>\n<\/div>\n <\/div><\/dl>\n<dl class=\"gt3pg_gallery-item gt3pg_element\"><div class=\"gt3pg_item_main_wrapper\"><div class=\"gt3pg_item-wrapper\"><a href=\"https:\/\/i0.wp.com\/maratoan.com.br\/wp-content\/uploads\/2019\/07\/banner-pag-5-1.jpg?fit=750%2C188&amp;ssl=1\" class=\"gt3pg_swipebox \" data-description=\"\"><div class=\"gt3pg_img_wrap landscape\" style=\"background-image: url(https:\/\/i0.wp.com\/maratoan.com.br\/wp-content\/uploads\/2019\/07\/banner-pag-5-1.jpg?fit=750%2C188&#038;ssl=1);\" data-width=\"800\" data-height=\"200\" data-i=\"3\" >\r\n<img decoding=\"async\" src=\"https:\/\/i0.wp.com\/maratoan.com.br\/wp-content\/uploads\/2019\/07\/banner-pag-5-1.jpg?fit=750%2C188&#038;ssl=1\" title=\"banner-pag-5\" alt=\"\" \/>\r\n<\/div><\/a>\n<\/div>\n <\/div><\/dl>\n<dl class=\"gt3pg_gallery-item gt3pg_element\"><div class=\"gt3pg_item_main_wrapper\"><div class=\"gt3pg_item-wrapper\"><a href=\"https:\/\/i0.wp.com\/maratoan.com.br\/wp-content\/uploads\/2019\/07\/cursocbt-interna-1.jpg?fit=420%2C200&amp;ssl=1\" class=\"gt3pg_swipebox \" data-description=\"\"><div class=\"gt3pg_img_wrap landscape\" style=\"background-image: url(https:\/\/i0.wp.com\/maratoan.com.br\/wp-content\/uploads\/2019\/07\/cursocbt-interna-1.jpg?fit=420%2C200&#038;ssl=1);\" data-width=\"420\" data-height=\"200\" data-i=\"4\" >\r\n<img decoding=\"async\" src=\"https:\/\/i0.wp.com\/maratoan.com.br\/wp-content\/uploads\/2019\/07\/cursocbt-interna-1.jpg?fit=420%2C200&#038;ssl=1\" title=\"cursocbt-interna\" alt=\"\" \/>\r\n<\/div><\/a>\n<\/div>\n <\/div><\/dl>\n<dl class=\"gt3pg_gallery-item gt3pg_element\"><div class=\"gt3pg_item_main_wrapper\"><div class=\"gt3pg_item-wrapper\"><a href=\"https:\/\/i0.wp.com\/maratoan.com.br\/wp-content\/uploads\/2019\/07\/images-4.jpeg?fit=334%2C151&amp;ssl=1\" class=\"gt3pg_swipebox \" data-description=\"\"><div class=\"gt3pg_img_wrap landscape\" style=\"background-image: url(https:\/\/i0.wp.com\/maratoan.com.br\/wp-content\/uploads\/2019\/07\/images-4.jpeg?fit=334%2C151&#038;ssl=1);\" data-width=\"334\" data-height=\"151\" data-i=\"5\" >\r\n<img decoding=\"async\" src=\"https:\/\/i0.wp.com\/maratoan.com.br\/wp-content\/uploads\/2019\/07\/images-4.jpeg?fit=334%2C151&#038;ssl=1\" title=\"images\" alt=\"\" \/>\r\n<\/div><\/a>\n<\/div>\n <\/div><\/dl>\n<dl class=\"gt3pg_gallery-item gt3pg_element\"><div class=\"gt3pg_item_main_wrapper\"><div class=\"gt3pg_item-wrapper\"><a href=\"https:\/\/i0.wp.com\/maratoan.com.br\/wp-content\/uploads\/2019\/07\/images-1-3.jpeg?fit=261%2C193&amp;ssl=1\" class=\"gt3pg_swipebox \" data-description=\"\"><div class=\"gt3pg_img_wrap landscape\" style=\"background-image: url(https:\/\/i0.wp.com\/maratoan.com.br\/wp-content\/uploads\/2019\/07\/images-1-3.jpeg?fit=261%2C193&#038;ssl=1);\" data-width=\"261\" data-height=\"193\" data-i=\"6\" >\r\n<img decoding=\"async\" src=\"https:\/\/i0.wp.com\/maratoan.com.br\/wp-content\/uploads\/2019\/07\/images-1-3.jpeg?fit=261%2C193&#038;ssl=1\" title=\"images (1)\" alt=\"\" \/>\r\n<\/div><\/a>\n<\/div>\n <\/div><\/dl>\n<\/div>\n <style type='text\/css'>\r\n\t\t\t#gt3pg_gallery1 .gt3pg_item_main_wrapper {\r\n\t\t\t\tpadding: 15px\r\n\t\t\t}\r\n\t\t\t<\/style>\n\t\t<\/div>\n<\/div><\/div>\n","protected":false},"excerpt":{"rendered":"","protected":false},"author":1,"featured_media":412,"parent":0,"menu_order":0,"comment_status":"closed","ping_status":"closed","template":"","meta":{"_monsterinsights_skip_tracking":false,"_monsterinsights_sitenote_active":false,"_monsterinsights_sitenote_note":"","_monsterinsights_sitenote_category":0,"footnotes":""},"class_list":["post-222","page","type-page","status-publish","has-post-thumbnail","hentry"],"yoast_head":"<!-- This site is optimized with the Yoast SEO plugin v24.8.1 - https:\/\/yoast.com\/wordpress\/plugins\/seo\/ -->\n<title>An\u00e1lise Geot\u00e9cnica - MARATOAN<\/title>\n<meta name=\"robots\" content=\"index, follow, max-snippet:-1, max-image-preview:large, max-video-preview:-1\" \/>\n<link rel=\"canonical\" href=\"https:\/\/maratoan.com.br\/index.php\/analise-geotecnica\/\" \/>\n<meta property=\"og:locale\" content=\"pt_BR\" \/>\n<meta property=\"og:type\" content=\"article\" \/>\n<meta property=\"og:title\" content=\"An\u00e1lise Geot\u00e9cnica - MARATOAN\" \/>\n<meta property=\"og:url\" content=\"https:\/\/maratoan.com.br\/index.php\/analise-geotecnica\/\" \/>\n<meta property=\"og:site_name\" content=\"MARATOAN\" \/>\n<meta property=\"article:modified_time\" content=\"2019-07-25T13:01:12+00:00\" \/>\n<meta property=\"og:image\" content=\"https:\/\/i0.wp.com\/maratoan.com.br\/wp-content\/uploads\/2019\/07\/cursocbt-interna.jpg?fit=420%2C200&ssl=1\" \/>\n\t<meta property=\"og:image:width\" content=\"420\" \/>\n\t<meta property=\"og:image:height\" content=\"200\" \/>\n\t<meta property=\"og:image:type\" content=\"image\/jpeg\" \/>\n<meta name=\"twitter:card\" content=\"summary_large_image\" \/>\n<script type=\"application\/ld+json\" class=\"yoast-schema-graph\">{\"@context\":\"https:\/\/schema.org\",\"@graph\":[{\"@type\":\"WebPage\",\"@id\":\"https:\/\/maratoan.com.br\/index.php\/analise-geotecnica\/\",\"url\":\"https:\/\/maratoan.com.br\/index.php\/analise-geotecnica\/\",\"name\":\"An\u00e1lise Geot\u00e9cnica - MARATOAN\",\"isPartOf\":{\"@id\":\"https:\/\/maratoan.com.br\/#website\"},\"primaryImageOfPage\":{\"@id\":\"https:\/\/maratoan.com.br\/index.php\/analise-geotecnica\/#primaryimage\"},\"image\":{\"@id\":\"https:\/\/maratoan.com.br\/index.php\/analise-geotecnica\/#primaryimage\"},\"thumbnailUrl\":\"https:\/\/i0.wp.com\/maratoan.com.br\/wp-content\/uploads\/2019\/07\/cursocbt-interna.jpg?fit=420%2C200&ssl=1\",\"datePublished\":\"2019-07-25T02:32:33+00:00\",\"dateModified\":\"2019-07-25T13:01:12+00:00\",\"breadcrumb\":{\"@id\":\"https:\/\/maratoan.com.br\/index.php\/analise-geotecnica\/#breadcrumb\"},\"inLanguage\":\"pt-BR\",\"potentialAction\":[{\"@type\":\"ReadAction\",\"target\":[\"https:\/\/maratoan.com.br\/index.php\/analise-geotecnica\/\"]}]},{\"@type\":\"ImageObject\",\"inLanguage\":\"pt-BR\",\"@id\":\"https:\/\/maratoan.com.br\/index.php\/analise-geotecnica\/#primaryimage\",\"url\":\"https:\/\/i0.wp.com\/maratoan.com.br\/wp-content\/uploads\/2019\/07\/cursocbt-interna.jpg?fit=420%2C200&ssl=1\",\"contentUrl\":\"https:\/\/i0.wp.com\/maratoan.com.br\/wp-content\/uploads\/2019\/07\/cursocbt-interna.jpg?fit=420%2C200&ssl=1\",\"width\":420,\"height\":200},{\"@type\":\"BreadcrumbList\",\"@id\":\"https:\/\/maratoan.com.br\/index.php\/analise-geotecnica\/#breadcrumb\",\"itemListElement\":[{\"@type\":\"ListItem\",\"position\":1,\"name\":\"In\u00edcio\",\"item\":\"https:\/\/maratoan.com.br\/\"},{\"@type\":\"ListItem\",\"position\":2,\"name\":\"An\u00e1lise Geot\u00e9cnica\"}]},{\"@type\":\"WebSite\",\"@id\":\"https:\/\/maratoan.com.br\/#website\",\"url\":\"https:\/\/maratoan.com.br\/\",\"name\":\"MARATOAN\",\"description\":\"Novo modo de fazer engenharia\",\"publisher\":{\"@id\":\"https:\/\/maratoan.com.br\/#organization\"},\"potentialAction\":[{\"@type\":\"SearchAction\",\"target\":{\"@type\":\"EntryPoint\",\"urlTemplate\":\"https:\/\/maratoan.com.br\/?s={search_term_string}\"},\"query-input\":{\"@type\":\"PropertyValueSpecification\",\"valueRequired\":true,\"valueName\":\"search_term_string\"}}],\"inLanguage\":\"pt-BR\"},{\"@type\":\"Organization\",\"@id\":\"https:\/\/maratoan.com.br\/#organization\",\"name\":\"MARATOAN\",\"url\":\"https:\/\/maratoan.com.br\/\",\"logo\":{\"@type\":\"ImageObject\",\"inLanguage\":\"pt-BR\",\"@id\":\"https:\/\/maratoan.com.br\/#\/schema\/logo\/image\/\",\"url\":\"https:\/\/i0.wp.com\/maratoan.com.br\/wp-content\/uploads\/2019\/07\/logoMaratoan.jpg?fit=2176%2C474&ssl=1\",\"contentUrl\":\"https:\/\/i0.wp.com\/maratoan.com.br\/wp-content\/uploads\/2019\/07\/logoMaratoan.jpg?fit=2176%2C474&ssl=1\",\"width\":2176,\"height\":474,\"caption\":\"MARATOAN\"},\"image\":{\"@id\":\"https:\/\/maratoan.com.br\/#\/schema\/logo\/image\/\"}}]}<\/script>\n<!-- \/ Yoast SEO plugin. -->","yoast_head_json":{"title":"An\u00e1lise Geot\u00e9cnica - MARATOAN","robots":{"index":"index","follow":"follow","max-snippet":"max-snippet:-1","max-image-preview":"max-image-preview:large","max-video-preview":"max-video-preview:-1"},"canonical":"https:\/\/maratoan.com.br\/index.php\/analise-geotecnica\/","og_locale":"pt_BR","og_type":"article","og_title":"An\u00e1lise Geot\u00e9cnica - MARATOAN","og_url":"https:\/\/maratoan.com.br\/index.php\/analise-geotecnica\/","og_site_name":"MARATOAN","article_modified_time":"2019-07-25T13:01:12+00:00","og_image":[{"width":420,"height":200,"url":"https:\/\/i0.wp.com\/maratoan.com.br\/wp-content\/uploads\/2019\/07\/cursocbt-interna.jpg?fit=420%2C200&ssl=1","type":"image\/jpeg"}],"twitter_card":"summary_large_image","schema":{"@context":"https:\/\/schema.org","@graph":[{"@type":"WebPage","@id":"https:\/\/maratoan.com.br\/index.php\/analise-geotecnica\/","url":"https:\/\/maratoan.com.br\/index.php\/analise-geotecnica\/","name":"An\u00e1lise Geot\u00e9cnica - MARATOAN","isPartOf":{"@id":"https:\/\/maratoan.com.br\/#website"},"primaryImageOfPage":{"@id":"https:\/\/maratoan.com.br\/index.php\/analise-geotecnica\/#primaryimage"},"image":{"@id":"https:\/\/maratoan.com.br\/index.php\/analise-geotecnica\/#primaryimage"},"thumbnailUrl":"https:\/\/i0.wp.com\/maratoan.com.br\/wp-content\/uploads\/2019\/07\/cursocbt-interna.jpg?fit=420%2C200&ssl=1","datePublished":"2019-07-25T02:32:33+00:00","dateModified":"2019-07-25T13:01:12+00:00","breadcrumb":{"@id":"https:\/\/maratoan.com.br\/index.php\/analise-geotecnica\/#breadcrumb"},"inLanguage":"pt-BR","potentialAction":[{"@type":"ReadAction","target":["https:\/\/maratoan.com.br\/index.php\/analise-geotecnica\/"]}]},{"@type":"ImageObject","inLanguage":"pt-BR","@id":"https:\/\/maratoan.com.br\/index.php\/analise-geotecnica\/#primaryimage","url":"https:\/\/i0.wp.com\/maratoan.com.br\/wp-content\/uploads\/2019\/07\/cursocbt-interna.jpg?fit=420%2C200&ssl=1","contentUrl":"https:\/\/i0.wp.com\/maratoan.com.br\/wp-content\/uploads\/2019\/07\/cursocbt-interna.jpg?fit=420%2C200&ssl=1","width":420,"height":200},{"@type":"BreadcrumbList","@id":"https:\/\/maratoan.com.br\/index.php\/analise-geotecnica\/#breadcrumb","itemListElement":[{"@type":"ListItem","position":1,"name":"In\u00edcio","item":"https:\/\/maratoan.com.br\/"},{"@type":"ListItem","position":2,"name":"An\u00e1lise Geot\u00e9cnica"}]},{"@type":"WebSite","@id":"https:\/\/maratoan.com.br\/#website","url":"https:\/\/maratoan.com.br\/","name":"MARATOAN","description":"Novo modo de fazer engenharia","publisher":{"@id":"https:\/\/maratoan.com.br\/#organization"},"potentialAction":[{"@type":"SearchAction","target":{"@type":"EntryPoint","urlTemplate":"https:\/\/maratoan.com.br\/?s={search_term_string}"},"query-input":{"@type":"PropertyValueSpecification","valueRequired":true,"valueName":"search_term_string"}}],"inLanguage":"pt-BR"},{"@type":"Organization","@id":"https:\/\/maratoan.com.br\/#organization","name":"MARATOAN","url":"https:\/\/maratoan.com.br\/","logo":{"@type":"ImageObject","inLanguage":"pt-BR","@id":"https:\/\/maratoan.com.br\/#\/schema\/logo\/image\/","url":"https:\/\/i0.wp.com\/maratoan.com.br\/wp-content\/uploads\/2019\/07\/logoMaratoan.jpg?fit=2176%2C474&ssl=1","contentUrl":"https:\/\/i0.wp.com\/maratoan.com.br\/wp-content\/uploads\/2019\/07\/logoMaratoan.jpg?fit=2176%2C474&ssl=1","width":2176,"height":474,"caption":"MARATOAN"},"image":{"@id":"https:\/\/maratoan.com.br\/#\/schema\/logo\/image\/"}}]}},"jetpack-related-posts":[],"jetpack_sharing_enabled":true,"_links":{"self":[{"href":"https:\/\/maratoan.com.br\/index.php\/wp-json\/wp\/v2\/pages\/222","targetHints":{"allow":["GET"]}}],"collection":[{"href":"https:\/\/maratoan.com.br\/index.php\/wp-json\/wp\/v2\/pages"}],"about":[{"href":"https:\/\/maratoan.com.br\/index.php\/wp-json\/wp\/v2\/types\/page"}],"author":[{"embeddable":true,"href":"https:\/\/maratoan.com.br\/index.php\/wp-json\/wp\/v2\/users\/1"}],"replies":[{"embeddable":true,"href":"https:\/\/maratoan.com.br\/index.php\/wp-json\/wp\/v2\/comments?post=222"}],"version-history":[{"count":0,"href":"https:\/\/maratoan.com.br\/index.php\/wp-json\/wp\/v2\/pages\/222\/revisions"}],"wp:featuredmedia":[{"embeddable":true,"href":"https:\/\/maratoan.com.br\/index.php\/wp-json\/wp\/v2\/media\/412"}],"wp:attachment":[{"href":"https:\/\/maratoan.com.br\/index.php\/wp-json\/wp\/v2\/media?parent=222"}],"curies":[{"name":"wp","href":"https:\/\/api.w.org\/{rel}","templated":true}]}}