{"id":229,"date":"2019-07-24T23:34:53","date_gmt":"2019-07-25T02:34:53","guid":{"rendered":"http:\/\/maratoan.com.br\/?page_id=229"},"modified":"2019-07-25T09:37:43","modified_gmt":"2019-07-25T12:37:43","slug":"elaboracao-de-projetos","status":"publish","type":"page","link":"https:\/\/maratoan.com.br\/index.php\/elaboracao-de-projetos\/","title":{"rendered":"Elabora\u00e7\u00e3o de Projetos"},"content":{"rendered":"\n<div class=\"wp-block-themeisle-blocks-advanced-columns has-1-columns has-desktop-equal-layout has-tablet-equal-layout has-mobile-equal-layout has-default-gap has-vertical-unset\" id=\"wp-block-themeisle-blocks-advanced-columns-8a9521f6\" style=\"border-width:0px;border-style:solid;border-color:#000000;border-radius:0px;justify-content:unset\"><div class=\"wp-themeisle-block-overlay\" style=\"opacity:0.5;mix-blend-mode:normal\"><\/div><div class=\"innerblocks-wrap\">\n<div class=\"wp-block-themeisle-blocks-advanced-column\" id=\"wp-block-themeisle-blocks-advanced-column-93402c0c\" style=\"border-width:0px;border-style:solid;border-color:#000000;border-radius:0px\">\n<h3 style=\"text-decoration:underline;\">Elabora\u00e7\u00e3o de Projetos<\/h3>\n\n\n\n<p>O projeto de engenharia \u00e9 o guia de execu\u00e7\u00e3o de uma obra. \u201c\u00c9 importante para que as necessidades do usu\u00e1rio sejam entendidas e transformadas na melhor solu\u00e7\u00e3o arquitet\u00f4nica, o que inclui n\u00e3o s\u00f3 a est\u00e9tica como as condi\u00e7\u00f5es de habita\u00e7\u00e3o, acesso e conforto\u201d.<\/p>\n\n\n<div id=\"gt3pg_gallery1\" class=\"gt3pg_galleryid-229 gt3pg_gallery-columns-3 gt3pg_photo_gallery gt3pg-corner-type-standard gt3pg_hover-default gt3pg-type-rectangle\" data-size=\"thumbnail\" data-type=\"rectangle\" data-corner=\"standard\" data-link=\"lightbox\" data-margin=\"30\" data-instance=\"1\"><dl class=\"gt3pg_gallery-item gt3pg_element\"><div class=\"gt3pg_item_main_wrapper\"><div class=\"gt3pg_item-wrapper\"><a href=\"https:\/\/i0.wp.com\/maratoan.com.br\/wp-content\/uploads\/2019\/07\/banner-960x457-planejamento-estrategico-na-medida-sebrae-amap%C3%A1-1.jpg?fit=750%2C365&amp;ssl=1\" class=\"gt3pg_swipebox \" data-description=\"\"><div class=\"gt3pg_img_wrap landscape\" style=\"background-image: url(https:\/\/i0.wp.com\/maratoan.com.br\/wp-content\/uploads\/2019\/07\/banner-960x457-planejamento-estrategico-na-medida-sebrae-amap%C3%A1-1.jpg?fit=750%2C365&#038;ssl=1);\" data-width=\"960\" data-height=\"468\" data-i=\"1\" >\r\n<img decoding=\"async\" src=\"https:\/\/i0.wp.com\/maratoan.com.br\/wp-content\/uploads\/2019\/07\/banner-960x457-planejamento-estrategico-na-medida-sebrae-amap%C3%A1-1.jpg?fit=750%2C365&#038;ssl=1\" title=\"banner 960x467\" alt=\"\" \/>\r\n<\/div><\/a>\n<\/div>\n<dd class=\"gt3pg_caption_text\" id=\"gt3pg_gallery1-caption-373\">banner 960&#215;467<\/dd><\/div><\/dl>\n<dl class=\"gt3pg_gallery-item gt3pg_element\"><div class=\"gt3pg_item_main_wrapper\"><div class=\"gt3pg_item-wrapper\"><a href=\"https:\/\/i0.wp.com\/maratoan.com.br\/wp-content\/uploads\/2019\/07\/shutterstock_9531454.jpg?fit=750%2C530&amp;ssl=1\" class=\"gt3pg_swipebox \" data-description=\"\"><div class=\"gt3pg_img_wrap landscape\" style=\"background-image: url(https:\/\/i0.wp.com\/maratoan.com.br\/wp-content\/uploads\/2019\/07\/shutterstock_9531454.jpg?fit=750%2C530&#038;ssl=1);\" data-width=\"2897\" data-height=\"2048\" data-i=\"2\" >\r\n<img decoding=\"async\" src=\"https:\/\/i0.wp.com\/maratoan.com.br\/wp-content\/uploads\/2019\/07\/shutterstock_9531454.jpg?fit=750%2C530&#038;ssl=1\" title=\"shutterstock_9531454\" alt=\"\" \/>\r\n<\/div><\/a>\n<\/div>\n <\/div><\/dl>\n<dl class=\"gt3pg_gallery-item gt3pg_element\"><div class=\"gt3pg_item_main_wrapper\"><div class=\"gt3pg_item-wrapper\"><a href=\"https:\/\/i0.wp.com\/maratoan.com.br\/wp-content\/uploads\/2019\/07\/bg2-1-e1564054763574.png?fit=750%2C422&amp;ssl=1\" class=\"gt3pg_swipebox \" data-description=\"\"><div class=\"gt3pg_img_wrap landscape\" style=\"background-image: url(https:\/\/i0.wp.com\/maratoan.com.br\/wp-content\/uploads\/2019\/07\/bg2-1-e1564054763574.png?fit=750%2C422&#038;ssl=1);\" data-width=\"489\" data-height=\"374\" data-i=\"3\" >\r\n<img decoding=\"async\" src=\"https:\/\/i0.wp.com\/maratoan.com.br\/wp-content\/uploads\/2019\/07\/bg2-1-e1564054763574.png?fit=750%2C422&#038;ssl=1\" title=\"bg2\" alt=\"\" \/>\r\n<\/div><\/a>\n<\/div>\n <\/div><\/dl>\n<dl class=\"gt3pg_gallery-item gt3pg_element\"><div class=\"gt3pg_item_main_wrapper\"><div class=\"gt3pg_item-wrapper\"><a href=\"https:\/\/i0.wp.com\/maratoan.com.br\/wp-content\/uploads\/2019\/07\/shutterstock_9729454.jpg?fit=750%2C530&amp;ssl=1\" class=\"gt3pg_swipebox \" data-description=\"\"><div class=\"gt3pg_img_wrap landscape\" style=\"background-image: url(https:\/\/i0.wp.com\/maratoan.com.br\/wp-content\/uploads\/2019\/07\/shutterstock_9729454.jpg?fit=750%2C530&#038;ssl=1);\" data-width=\"2897\" data-height=\"2048\" data-i=\"4\" >\r\n<img decoding=\"async\" src=\"https:\/\/i0.wp.com\/maratoan.com.br\/wp-content\/uploads\/2019\/07\/shutterstock_9729454.jpg?fit=750%2C530&#038;ssl=1\" title=\"shutterstock_9729454\" alt=\"\" \/>\r\n<\/div><\/a>\n<\/div>\n <\/div><\/dl>\n<dl class=\"gt3pg_gallery-item gt3pg_element\"><div class=\"gt3pg_item_main_wrapper\"><div class=\"gt3pg_item-wrapper\"><a href=\"https:\/\/i0.wp.com\/maratoan.com.br\/wp-content\/uploads\/2019\/07\/93147748_F.jpg?fit=750%2C595&amp;ssl=1\" class=\"gt3pg_swipebox \" data-description=\"\"><div class=\"gt3pg_img_wrap landscape\" style=\"background-image: url(https:\/\/i0.wp.com\/maratoan.com.br\/wp-content\/uploads\/2019\/07\/93147748_F.jpg?fit=750%2C595&#038;ssl=1);\" data-width=\"2000\" data-height=\"1586\" data-i=\"5\" >\r\n<img decoding=\"async\" src=\"https:\/\/i0.wp.com\/maratoan.com.br\/wp-content\/uploads\/2019\/07\/93147748_F.jpg?fit=750%2C595&#038;ssl=1\" title=\"93147748_F\" alt=\"\" \/>\r\n<\/div><\/a>\n<\/div>\n <\/div><\/dl>\n<dl class=\"gt3pg_gallery-item gt3pg_element\"><div class=\"gt3pg_item_main_wrapper\"><div class=\"gt3pg_item-wrapper\"><a href=\"https:\/\/i0.wp.com\/maratoan.com.br\/wp-content\/uploads\/2019\/07\/shutterstock_8159110.jpg?fit=750%2C1061&amp;ssl=1\" class=\"gt3pg_swipebox \" data-description=\"\"><div class=\"gt3pg_img_wrap portrait\" style=\"background-image: url(https:\/\/i0.wp.com\/maratoan.com.br\/wp-content\/uploads\/2019\/07\/shutterstock_8159110.jpg?fit=750%2C1061&#038;ssl=1);\" data-width=\"2048\" data-height=\"2897\" data-i=\"6\" >\r\n<img decoding=\"async\" src=\"https:\/\/i0.wp.com\/maratoan.com.br\/wp-content\/uploads\/2019\/07\/shutterstock_8159110.jpg?fit=750%2C1061&#038;ssl=1\" title=\"shutterstock_8159110\" alt=\"\" \/>\r\n<\/div><\/a>\n<\/div>\n <\/div><\/dl>\n<dl class=\"gt3pg_gallery-item gt3pg_element\"><div class=\"gt3pg_item_main_wrapper\"><div class=\"gt3pg_item-wrapper\"><a href=\"https:\/\/i0.wp.com\/maratoan.com.br\/wp-content\/uploads\/2019\/07\/shutterstock_8160115-2.jpg?fit=750%2C530&amp;ssl=1\" class=\"gt3pg_swipebox \" data-description=\"\"><div class=\"gt3pg_img_wrap landscape\" style=\"background-image: url(https:\/\/i0.wp.com\/maratoan.com.br\/wp-content\/uploads\/2019\/07\/shutterstock_8160115-2.jpg?fit=750%2C530&#038;ssl=1);\" data-width=\"2897\" data-height=\"2048\" data-i=\"7\" >\r\n<img decoding=\"async\" src=\"https:\/\/i0.wp.com\/maratoan.com.br\/wp-content\/uploads\/2019\/07\/shutterstock_8160115-2.jpg?fit=750%2C530&#038;ssl=1\" title=\"shutterstock_8160115\" alt=\"\" \/>\r\n<\/div><\/a>\n<\/div>\n <\/div><\/dl>\n<dl class=\"gt3pg_gallery-item gt3pg_element\"><div class=\"gt3pg_item_main_wrapper\"><div class=\"gt3pg_item-wrapper\"><a href=\"https:\/\/i0.wp.com\/maratoan.com.br\/wp-content\/uploads\/2019\/07\/bg3-1-e1564054793439.png?fit=750%2C214&amp;ssl=1\" class=\"gt3pg_swipebox \" data-description=\"\"><div class=\"gt3pg_img_wrap landscape\" style=\"background-image: url(https:\/\/i0.wp.com\/maratoan.com.br\/wp-content\/uploads\/2019\/07\/bg3-1-e1564054793439.png?fit=750%2C214&#038;ssl=1);\" data-width=\"1416\" data-height=\"403\" data-i=\"8\" >\r\n<img decoding=\"async\" src=\"https:\/\/i0.wp.com\/maratoan.com.br\/wp-content\/uploads\/2019\/07\/bg3-1-e1564054793439.png?fit=750%2C214&#038;ssl=1\" title=\"bg3\" alt=\"\" \/>\r\n<\/div><\/a>\n<\/div>\n <\/div><\/dl>\n<dl class=\"gt3pg_gallery-item gt3pg_element\"><div class=\"gt3pg_item_main_wrapper\"><div class=\"gt3pg_item-wrapper\"><a href=\"https:\/\/i0.wp.com\/maratoan.com.br\/wp-content\/uploads\/2019\/07\/bg4-1-e1564054829967.png?fit=750%2C239&amp;ssl=1\" class=\"gt3pg_swipebox \" data-description=\"\"><div class=\"gt3pg_img_wrap landscape\" style=\"background-image: url(https:\/\/i0.wp.com\/maratoan.com.br\/wp-content\/uploads\/2019\/07\/bg4-1-e1564054829967.png?fit=750%2C239&#038;ssl=1);\" data-width=\"1507\" data-height=\"480\" data-i=\"9\" >\r\n<img decoding=\"async\" src=\"https:\/\/i0.wp.com\/maratoan.com.br\/wp-content\/uploads\/2019\/07\/bg4-1-e1564054829967.png?fit=750%2C239&#038;ssl=1\" title=\"bg4\" alt=\"\" \/>\r\n<\/div><\/a>\n<\/div>\n <\/div><\/dl>\n<\/div>\n <style type='text\/css'>\r\n\t\t\t#gt3pg_gallery1 .gt3pg_item_main_wrapper {\r\n\t\t\t\tpadding: 15px\r\n\t\t\t}\r\n\t\t\t<\/style>\n\t\t<\/div>\n<\/div><\/div>\n","protected":false},"excerpt":{"rendered":"","protected":false},"author":1,"featured_media":62,"parent":0,"menu_order":0,"comment_status":"closed","ping_status":"closed","template":"","meta":{"_monsterinsights_skip_tracking":false,"_monsterinsights_sitenote_active":false,"_monsterinsights_sitenote_note":"","_monsterinsights_sitenote_category":0,"footnotes":""},"class_list":["post-229","page","type-page","status-publish","has-post-thumbnail","hentry"],"yoast_head":"<!-- This site is optimized with the Yoast SEO plugin v24.8.1 - https:\/\/yoast.com\/wordpress\/plugins\/seo\/ -->\n<title>Elabora\u00e7\u00e3o de Projetos - MARATOAN<\/title>\n<meta name=\"robots\" content=\"index, follow, max-snippet:-1, max-image-preview:large, max-video-preview:-1\" \/>\n<link rel=\"canonical\" href=\"https:\/\/maratoan.com.br\/index.php\/elaboracao-de-projetos\/\" \/>\n<meta property=\"og:locale\" content=\"pt_BR\" \/>\n<meta property=\"og:type\" content=\"article\" \/>\n<meta property=\"og:title\" content=\"Elabora\u00e7\u00e3o de Projetos - MARATOAN\" \/>\n<meta property=\"og:url\" content=\"https:\/\/maratoan.com.br\/index.php\/elaboracao-de-projetos\/\" \/>\n<meta property=\"og:site_name\" content=\"MARATOAN\" \/>\n<meta property=\"article:modified_time\" content=\"2019-07-25T12:37:43+00:00\" \/>\n<meta property=\"og:image\" content=\"https:\/\/i0.wp.com\/maratoan.com.br\/wp-content\/uploads\/2019\/07\/shutterstock_8160115.jpg?fit=2897%2C2048&ssl=1\" \/>\n\t<meta property=\"og:image:width\" content=\"2897\" \/>\n\t<meta property=\"og:image:height\" content=\"2048\" \/>\n\t<meta property=\"og:image:type\" content=\"image\/jpeg\" \/>\n<meta name=\"twitter:card\" content=\"summary_large_image\" \/>\n<script type=\"application\/ld+json\" class=\"yoast-schema-graph\">{\"@context\":\"https:\/\/schema.org\",\"@graph\":[{\"@type\":\"WebPage\",\"@id\":\"https:\/\/maratoan.com.br\/index.php\/elaboracao-de-projetos\/\",\"url\":\"https:\/\/maratoan.com.br\/index.php\/elaboracao-de-projetos\/\",\"name\":\"Elabora\u00e7\u00e3o de Projetos - MARATOAN\",\"isPartOf\":{\"@id\":\"https:\/\/maratoan.com.br\/#website\"},\"primaryImageOfPage\":{\"@id\":\"https:\/\/maratoan.com.br\/index.php\/elaboracao-de-projetos\/#primaryimage\"},\"image\":{\"@id\":\"https:\/\/maratoan.com.br\/index.php\/elaboracao-de-projetos\/#primaryimage\"},\"thumbnailUrl\":\"https:\/\/i0.wp.com\/maratoan.com.br\/wp-content\/uploads\/2019\/07\/shutterstock_8160115.jpg?fit=2897%2C2048&ssl=1\",\"datePublished\":\"2019-07-25T02:34:53+00:00\",\"dateModified\":\"2019-07-25T12:37:43+00:00\",\"breadcrumb\":{\"@id\":\"https:\/\/maratoan.com.br\/index.php\/elaboracao-de-projetos\/#breadcrumb\"},\"inLanguage\":\"pt-BR\",\"potentialAction\":[{\"@type\":\"ReadAction\",\"target\":[\"https:\/\/maratoan.com.br\/index.php\/elaboracao-de-projetos\/\"]}]},{\"@type\":\"ImageObject\",\"inLanguage\":\"pt-BR\",\"@id\":\"https:\/\/maratoan.com.br\/index.php\/elaboracao-de-projetos\/#primaryimage\",\"url\":\"https:\/\/i0.wp.com\/maratoan.com.br\/wp-content\/uploads\/2019\/07\/shutterstock_8160115.jpg?fit=2897%2C2048&ssl=1\",\"contentUrl\":\"https:\/\/i0.wp.com\/maratoan.com.br\/wp-content\/uploads\/2019\/07\/shutterstock_8160115.jpg?fit=2897%2C2048&ssl=1\",\"width\":2897,\"height\":2048},{\"@type\":\"BreadcrumbList\",\"@id\":\"https:\/\/maratoan.com.br\/index.php\/elaboracao-de-projetos\/#breadcrumb\",\"itemListElement\":[{\"@type\":\"ListItem\",\"position\":1,\"name\":\"In\u00edcio\",\"item\":\"https:\/\/maratoan.com.br\/\"},{\"@type\":\"ListItem\",\"position\":2,\"name\":\"Elabora\u00e7\u00e3o de Projetos\"}]},{\"@type\":\"WebSite\",\"@id\":\"https:\/\/maratoan.com.br\/#website\",\"url\":\"https:\/\/maratoan.com.br\/\",\"name\":\"MARATOAN\",\"description\":\"Novo modo de fazer engenharia\",\"publisher\":{\"@id\":\"https:\/\/maratoan.com.br\/#organization\"},\"potentialAction\":[{\"@type\":\"SearchAction\",\"target\":{\"@type\":\"EntryPoint\",\"urlTemplate\":\"https:\/\/maratoan.com.br\/?s={search_term_string}\"},\"query-input\":{\"@type\":\"PropertyValueSpecification\",\"valueRequired\":true,\"valueName\":\"search_term_string\"}}],\"inLanguage\":\"pt-BR\"},{\"@type\":\"Organization\",\"@id\":\"https:\/\/maratoan.com.br\/#organization\",\"name\":\"MARATOAN\",\"url\":\"https:\/\/maratoan.com.br\/\",\"logo\":{\"@type\":\"ImageObject\",\"inLanguage\":\"pt-BR\",\"@id\":\"https:\/\/maratoan.com.br\/#\/schema\/logo\/image\/\",\"url\":\"https:\/\/i0.wp.com\/maratoan.com.br\/wp-content\/uploads\/2019\/07\/logoMaratoan.jpg?fit=2176%2C474&ssl=1\",\"contentUrl\":\"https:\/\/i0.wp.com\/maratoan.com.br\/wp-content\/uploads\/2019\/07\/logoMaratoan.jpg?fit=2176%2C474&ssl=1\",\"width\":2176,\"height\":474,\"caption\":\"MARATOAN\"},\"image\":{\"@id\":\"https:\/\/maratoan.com.br\/#\/schema\/logo\/image\/\"}}]}<\/script>\n<!-- \/ Yoast SEO plugin. -->","yoast_head_json":{"title":"Elabora\u00e7\u00e3o de Projetos - MARATOAN","robots":{"index":"index","follow":"follow","max-snippet":"max-snippet:-1","max-image-preview":"max-image-preview:large","max-video-preview":"max-video-preview:-1"},"canonical":"https:\/\/maratoan.com.br\/index.php\/elaboracao-de-projetos\/","og_locale":"pt_BR","og_type":"article","og_title":"Elabora\u00e7\u00e3o de Projetos - MARATOAN","og_url":"https:\/\/maratoan.com.br\/index.php\/elaboracao-de-projetos\/","og_site_name":"MARATOAN","article_modified_time":"2019-07-25T12:37:43+00:00","og_image":[{"width":2897,"height":2048,"url":"https:\/\/i0.wp.com\/maratoan.com.br\/wp-content\/uploads\/2019\/07\/shutterstock_8160115.jpg?fit=2897%2C2048&ssl=1","type":"image\/jpeg"}],"twitter_card":"summary_large_image","schema":{"@context":"https:\/\/schema.org","@graph":[{"@type":"WebPage","@id":"https:\/\/maratoan.com.br\/index.php\/elaboracao-de-projetos\/","url":"https:\/\/maratoan.com.br\/index.php\/elaboracao-de-projetos\/","name":"Elabora\u00e7\u00e3o de Projetos - MARATOAN","isPartOf":{"@id":"https:\/\/maratoan.com.br\/#website"},"primaryImageOfPage":{"@id":"https:\/\/maratoan.com.br\/index.php\/elaboracao-de-projetos\/#primaryimage"},"image":{"@id":"https:\/\/maratoan.com.br\/index.php\/elaboracao-de-projetos\/#primaryimage"},"thumbnailUrl":"https:\/\/i0.wp.com\/maratoan.com.br\/wp-content\/uploads\/2019\/07\/shutterstock_8160115.jpg?fit=2897%2C2048&ssl=1","datePublished":"2019-07-25T02:34:53+00:00","dateModified":"2019-07-25T12:37:43+00:00","breadcrumb":{"@id":"https:\/\/maratoan.com.br\/index.php\/elaboracao-de-projetos\/#breadcrumb"},"inLanguage":"pt-BR","potentialAction":[{"@type":"ReadAction","target":["https:\/\/maratoan.com.br\/index.php\/elaboracao-de-projetos\/"]}]},{"@type":"ImageObject","inLanguage":"pt-BR","@id":"https:\/\/maratoan.com.br\/index.php\/elaboracao-de-projetos\/#primaryimage","url":"https:\/\/i0.wp.com\/maratoan.com.br\/wp-content\/uploads\/2019\/07\/shutterstock_8160115.jpg?fit=2897%2C2048&ssl=1","contentUrl":"https:\/\/i0.wp.com\/maratoan.com.br\/wp-content\/uploads\/2019\/07\/shutterstock_8160115.jpg?fit=2897%2C2048&ssl=1","width":2897,"height":2048},{"@type":"BreadcrumbList","@id":"https:\/\/maratoan.com.br\/index.php\/elaboracao-de-projetos\/#breadcrumb","itemListElement":[{"@type":"ListItem","position":1,"name":"In\u00edcio","item":"https:\/\/maratoan.com.br\/"},{"@type":"ListItem","position":2,"name":"Elabora\u00e7\u00e3o de Projetos"}]},{"@type":"WebSite","@id":"https:\/\/maratoan.com.br\/#website","url":"https:\/\/maratoan.com.br\/","name":"MARATOAN","description":"Novo modo de fazer engenharia","publisher":{"@id":"https:\/\/maratoan.com.br\/#organization"},"potentialAction":[{"@type":"SearchAction","target":{"@type":"EntryPoint","urlTemplate":"https:\/\/maratoan.com.br\/?s={search_term_string}"},"query-input":{"@type":"PropertyValueSpecification","valueRequired":true,"valueName":"search_term_string"}}],"inLanguage":"pt-BR"},{"@type":"Organization","@id":"https:\/\/maratoan.com.br\/#organization","name":"MARATOAN","url":"https:\/\/maratoan.com.br\/","logo":{"@type":"ImageObject","inLanguage":"pt-BR","@id":"https:\/\/maratoan.com.br\/#\/schema\/logo\/image\/","url":"https:\/\/i0.wp.com\/maratoan.com.br\/wp-content\/uploads\/2019\/07\/logoMaratoan.jpg?fit=2176%2C474&ssl=1","contentUrl":"https:\/\/i0.wp.com\/maratoan.com.br\/wp-content\/uploads\/2019\/07\/logoMaratoan.jpg?fit=2176%2C474&ssl=1","width":2176,"height":474,"caption":"MARATOAN"},"image":{"@id":"https:\/\/maratoan.com.br\/#\/schema\/logo\/image\/"}}]}},"jetpack-related-posts":[],"jetpack_sharing_enabled":true,"_links":{"self":[{"href":"https:\/\/maratoan.com.br\/index.php\/wp-json\/wp\/v2\/pages\/229","targetHints":{"allow":["GET"]}}],"collection":[{"href":"https:\/\/maratoan.com.br\/index.php\/wp-json\/wp\/v2\/pages"}],"about":[{"href":"https:\/\/maratoan.com.br\/index.php\/wp-json\/wp\/v2\/types\/page"}],"author":[{"embeddable":true,"href":"https:\/\/maratoan.com.br\/index.php\/wp-json\/wp\/v2\/users\/1"}],"replies":[{"embeddable":true,"href":"https:\/\/maratoan.com.br\/index.php\/wp-json\/wp\/v2\/comments?post=229"}],"version-history":[{"count":0,"href":"https:\/\/maratoan.com.br\/index.php\/wp-json\/wp\/v2\/pages\/229\/revisions"}],"wp:featuredmedia":[{"embeddable":true,"href":"https:\/\/maratoan.com.br\/index.php\/wp-json\/wp\/v2\/media\/62"}],"wp:attachment":[{"href":"https:\/\/maratoan.com.br\/index.php\/wp-json\/wp\/v2\/media?parent=229"}],"curies":[{"name":"wp","href":"https:\/\/api.w.org\/{rel}","templated":true}]}}