{"id":235,"date":"2019-07-24T23:36:49","date_gmt":"2019-07-25T02:36:49","guid":{"rendered":"http:\/\/maratoan.com.br\/?page_id=235"},"modified":"2019-07-25T07:41:40","modified_gmt":"2019-07-25T10:41:40","slug":"sobre-2","status":"publish","type":"page","link":"https:\/\/maratoan.com.br\/index.php\/sobre-2\/","title":{"rendered":"SOBRE"},"content":{"rendered":"\n<div class=\"wp-block-themeisle-blocks-advanced-columns has-1-columns has-desktop-equal-layout has-tablet-equal-layout has-mobile-equal-layout has-default-gap has-vertical-unset\" id=\"wp-block-themeisle-blocks-advanced-columns-9b781ac7\" style=\"border-width:0px;border-style:solid;border-color:#000000;border-radius:0px;justify-content:unset\"><div class=\"wp-themeisle-block-overlay\" style=\"opacity:0.5;mix-blend-mode:normal\"><\/div><div class=\"innerblocks-wrap\">\n<div class=\"wp-block-themeisle-blocks-advanced-column\" id=\"wp-block-themeisle-blocks-advanced-column-9753c011\" style=\"border-width:0px;border-style:solid;border-color:#000000;border-radius:0px\">\n<div class=\"row\">\n<div class=\"row\">\n<h2 style=\"text-align: center; text-decoration: underline;\">A MARATOAN ENGENHARIA<\/h2>\n<br>\n<\/div>\n<div class=\"col-md-6 about-img-area wow fadeInDown animated animated animated animated animated\" style=\"visibility: visible; animation-delay: 0.4s; animation-name: fadeInDown; vertical-align: middle;\" data-wow-delay=\"0.4s\">\n<figure>\n<img data-recalc-dims=\"1\" loading=\"lazy\" decoding=\"async\" src=\"https:\/\/i0.wp.com\/maratoan.com.br\/wp-content\/uploads\/2019\/07\/32_full.jpg?resize=750%2C521&#038;ssl=1\" alt=\"\" width=\"750\" height=\"521\" class=\"aligncenter size-full wp-image-214\">\n<figcaption>Projeto do Trevo de Triagem Norte<\/figcaption>\n<\/figure><\/div>\n<div class=\"col-md-6\">\n\n<p style=\"text-align: justify; text-indent: 2.5em;\"><strong>Paulo Robert Santos Machado<\/strong> \u00e9 o respons\u00e1vel t\u00e9cnico chefe pela empresa.<\/p>\n\n<p style=\"text-align: justify; text-indent: 2.5em;\">\u00c9 o Engenheiro Executivo Chefe respons\u00e1vel pelo funcionamento da empresa. Esse profissional \u00e9 o respons\u00e1vel por fazer com que a empresa tire o m\u00e1ximo de proveito de solu\u00e7\u00f5es em engenharia ou tecnol\u00f3gicas para alcan\u00e7ar seus objetivos.<\/p>\n\n<p style=\"text-align: justify; text-indent: 2.5em;\">O Executivo Chefe \u00e9 especialista em fiscaliza\u00e7\u00e3o de obras de engenharia rodovi\u00e1ria, bem como em projetos de infraestruturas rodovi\u00e1rias.<\/p>\n\n<p style=\"text-align: justify; text-indent: 2.5em;\">Possui larga experi\u00eancia na \u00e1rea rodovi\u00e1ria e infraestrutura, trabalhou na implanta\u00e7\u00e3o de projetos e obras de infraestrutura urbana, drenagens, pavimenta\u00e7\u00f5es em condom\u00ednios e grandes obras rodovi\u00e1rias, tais como a implanta\u00e7\u00e3o do trevo de triagem norte, Complexo Vi\u00e1rio com mais de 15 viadutos.\n<\/p>\n<\/div>\n<\/div>\n\n\n\n<hr class=\"wp-block-separator\"\/>\n\n\n\n<div class=\"row\">\n<div class=\"row\">\n<h2 style=\"text-align: center; text-decoration: underline;\">PLANEJAMENTO ESTRAT\u00c9GICO<\/h2>\n<br>\n<\/div>\n<div class=\"row\">\n<div class=\"col-md-1\"><figure><figure><img data-recalc-dims=\"1\" loading=\"lazy\" decoding=\"async\" src=\"https:\/\/i0.wp.com\/maratoan.com.br\/wp-content\/uploads\/2019\/04\/missao2-1.jpg?resize=70%2C70\" alt=\"\" width=\"70\" height=\"70\" class=\"alignleft wp-image-221\"><\/figure><\/figure><\/div>\n<div class=\"col-md-11\">\n<h4>Miss\u00e3o<\/h4>\n<\/div>\n<\/div>\n<div class=\"row\">\n<div class=\"col-md-1\"><\/div>\n<div class=\"col-md-11\">\n\n<p style=\"text-align: justify;\">Presta\u00e7\u00e3o de servi\u00e7os de engenharia, gerenciamento e fornecimento de solu\u00e7\u00f5es t\u00e9cnicas pautados no compromisso e na primazia.<\/p>\n\n&nbsp;\n\n<\/div>\n<\/div>\n<div class=\"row\">\n<div class=\"col-md-1\"><figure><figure><img data-recalc-dims=\"1\" loading=\"lazy\" decoding=\"async\" src=\"https:\/\/i0.wp.com\/maratoan.com.br\/wp-content\/uploads\/2019\/04\/visao.jpg?resize=96%2C70\" alt=\"\" width=\"96\" height=\"70\" class=\"alignleft wp-image-231\"><\/figure><\/figure><\/div>\n<div class=\"col-md-11\">\n<h4>Vis\u00e3o<\/h4>\n<\/div>\n<\/div>\n<div class=\"row\">\n<div class=\"col-md-1\"><\/div>\n<div class=\"col-md-11\">\n\n<p style=\"text-align: justify; \">Ser a empresa de engenharia que promova as melhores solu\u00e7\u00f5es no \u00e2mbito do Distrito Federal e regi\u00f5es de entorno em rela\u00e7\u00e3o \u00e0s \u00e1reas de infraestruturas, atuando com a compatibiliza\u00e7\u00e3o das demandas locais e nacionais de forma eficaz e eficiente, comprometida com a inova\u00e7\u00e3o, a qualidade e o custo-benef\u00edcio.<\/p>\n\n&nbsp;\n\n<\/div>\n<\/div>\n<div class=\"row\">\n<div class=\"col-md-1\"><figure><figure><img data-recalc-dims=\"1\" loading=\"lazy\" decoding=\"async\" src=\"https:\/\/i0.wp.com\/maratoan.com.br\/wp-content\/uploads\/2019\/04\/65125319_F-1.jpg?resize=105%2C70\" alt=\"\" width=\"105\" height=\"70\" class=\"alignleft wp-image-233\"><\/figure><\/figure><\/div>\n<div class=\"col-md-11\">\n<h4>Valores<\/h4>\n<\/div>\n<\/div>\n<div class=\"row\">\n<div class=\"col-md-1\"><\/div>\n<div class=\"col-md-11\">\n\n<p style=\"text-align: justify;\"><strong>\u00c9tica<\/strong> &#8211; Agir de forma \u00edntegra, respons\u00e1vel e profissional.<\/p>\n<p style=\"text-align: justify;\"><strong>Inova\u00e7\u00e3o<\/strong> &#8211; Buscar alternativas para alcan\u00e7ar os resultados desejados.<\/p>\n<p style=\"text-align: justify;\"><strong>Dinamismo<\/strong> \u2013 compromisso com a agilidade no desenvolvimento dos projetos, por meio de estrutura competente, otimizada e em conformidade com as normas t\u00e9cnicas.<\/p>\n<p style=\"text-align: justify;\"><strong>Foco no cliente<\/strong> &#8211; atender no prazo, com qualidade e pre\u00e7o competitivo.<\/p>\n<p style=\"text-align: justify;\"><strong>Senso de urg\u00eancia<\/strong> &#8211; fazer o que tem de ser feito no tempo certo.<\/p>\n<p style=\"text-align: justify;\"><strong>Meio ambiente<\/strong> &#8211; preocupa\u00e7\u00e3o com o meio ambiente e com os recursos naturais em suas atividades.<\/p>\n\n<\/div>\n<\/div>\n<\/div>\n\n\n\n<hr class=\"wp-block-separator\"\/>\n\n\n\n<div class=\"row\">\n<div class=\"row\">\n<h2 style=\"text-align: center; text-decoration: underline;\">DIFERENCIAL COMPETITIVO<\/h2>\n<br>\n<\/div>\n<div class=\"row\">\n<div class=\"col-md-1\"><\/div>\n<div class=\"col-md-11\">\n\n<p style=\"text-align: justify; text-indent: 2.5em;\">A MARATOAN \u00e9 uma empresa de engenharia que oferece solu\u00e7\u00f5es inovadoras no \u00e2mbito de infraestrutura urbana, pavimenta\u00e7\u00e3o que garantam maior mobilidade a seus cliente. Possu\u00edmos profissionais altamente capacitados e atualizados que permite atua\u00e7\u00e3o em projetos e obras de engenharia diversificadas da ind\u00fastria brasileira e internacional.<\/p>\n\n<\/div>\n<\/div>\n<\/div>\n<\/div>\n<\/div><\/div>\n","protected":false},"excerpt":{"rendered":"","protected":false},"author":1,"featured_media":61,"parent":0,"menu_order":0,"comment_status":"closed","ping_status":"closed","template":"page-templates\/template-fullwidth.php","meta":{"_monsterinsights_skip_tracking":false,"_monsterinsights_sitenote_active":false,"_monsterinsights_sitenote_note":"","_monsterinsights_sitenote_category":0,"footnotes":""},"class_list":["post-235","page","type-page","status-publish","has-post-thumbnail","hentry"],"yoast_head":"<!-- This site is optimized with the Yoast SEO plugin v24.8.1 - https:\/\/yoast.com\/wordpress\/plugins\/seo\/ -->\n<title>SOBRE - MARATOAN<\/title>\n<meta name=\"robots\" content=\"index, follow, max-snippet:-1, max-image-preview:large, max-video-preview:-1\" \/>\n<link rel=\"canonical\" href=\"https:\/\/maratoan.com.br\/index.php\/sobre-2\/\" \/>\n<meta property=\"og:locale\" content=\"pt_BR\" \/>\n<meta property=\"og:type\" content=\"article\" \/>\n<meta property=\"og:title\" content=\"SOBRE - MARATOAN\" \/>\n<meta property=\"og:url\" content=\"https:\/\/maratoan.com.br\/index.php\/sobre-2\/\" \/>\n<meta property=\"og:site_name\" content=\"MARATOAN\" \/>\n<meta property=\"article:modified_time\" content=\"2019-07-25T10:41:40+00:00\" \/>\n<meta property=\"og:image\" content=\"https:\/\/maratoan.com.br\/wp-content\/uploads\/2019\/07\/shutterstock_2218832-1024x768.jpg\" \/>\n\t<meta property=\"og:image:width\" content=\"1024\" \/>\n\t<meta property=\"og:image:height\" content=\"768\" \/>\n\t<meta property=\"og:image:type\" content=\"image\/jpeg\" \/>\n<meta name=\"twitter:card\" content=\"summary_large_image\" \/>\n<meta name=\"twitter:label1\" content=\"Est. tempo de leitura\" \/>\n\t<meta name=\"twitter:data1\" content=\"2 minutos\" \/>\n<script type=\"application\/ld+json\" class=\"yoast-schema-graph\">{\"@context\":\"https:\/\/schema.org\",\"@graph\":[{\"@type\":\"WebPage\",\"@id\":\"https:\/\/maratoan.com.br\/index.php\/sobre-2\/\",\"url\":\"https:\/\/maratoan.com.br\/index.php\/sobre-2\/\",\"name\":\"SOBRE - MARATOAN\",\"isPartOf\":{\"@id\":\"https:\/\/maratoan.com.br\/#website\"},\"primaryImageOfPage\":{\"@id\":\"https:\/\/maratoan.com.br\/index.php\/sobre-2\/#primaryimage\"},\"image\":{\"@id\":\"https:\/\/maratoan.com.br\/index.php\/sobre-2\/#primaryimage\"},\"thumbnailUrl\":\"https:\/\/i0.wp.com\/maratoan.com.br\/wp-content\/uploads\/2019\/07\/shutterstock_2218832.jpg?fit=6000%2C4500&ssl=1\",\"datePublished\":\"2019-07-25T02:36:49+00:00\",\"dateModified\":\"2019-07-25T10:41:40+00:00\",\"breadcrumb\":{\"@id\":\"https:\/\/maratoan.com.br\/index.php\/sobre-2\/#breadcrumb\"},\"inLanguage\":\"pt-BR\",\"potentialAction\":[{\"@type\":\"ReadAction\",\"target\":[\"https:\/\/maratoan.com.br\/index.php\/sobre-2\/\"]}]},{\"@type\":\"ImageObject\",\"inLanguage\":\"pt-BR\",\"@id\":\"https:\/\/maratoan.com.br\/index.php\/sobre-2\/#primaryimage\",\"url\":\"https:\/\/i0.wp.com\/maratoan.com.br\/wp-content\/uploads\/2019\/07\/shutterstock_2218832.jpg?fit=6000%2C4500&ssl=1\",\"contentUrl\":\"https:\/\/i0.wp.com\/maratoan.com.br\/wp-content\/uploads\/2019\/07\/shutterstock_2218832.jpg?fit=6000%2C4500&ssl=1\",\"width\":6000,\"height\":4500},{\"@type\":\"BreadcrumbList\",\"@id\":\"https:\/\/maratoan.com.br\/index.php\/sobre-2\/#breadcrumb\",\"itemListElement\":[{\"@type\":\"ListItem\",\"position\":1,\"name\":\"In\u00edcio\",\"item\":\"https:\/\/maratoan.com.br\/\"},{\"@type\":\"ListItem\",\"position\":2,\"name\":\"SOBRE\"}]},{\"@type\":\"WebSite\",\"@id\":\"https:\/\/maratoan.com.br\/#website\",\"url\":\"https:\/\/maratoan.com.br\/\",\"name\":\"MARATOAN\",\"description\":\"Novo modo de fazer engenharia\",\"publisher\":{\"@id\":\"https:\/\/maratoan.com.br\/#organization\"},\"potentialAction\":[{\"@type\":\"SearchAction\",\"target\":{\"@type\":\"EntryPoint\",\"urlTemplate\":\"https:\/\/maratoan.com.br\/?s={search_term_string}\"},\"query-input\":{\"@type\":\"PropertyValueSpecification\",\"valueRequired\":true,\"valueName\":\"search_term_string\"}}],\"inLanguage\":\"pt-BR\"},{\"@type\":\"Organization\",\"@id\":\"https:\/\/maratoan.com.br\/#organization\",\"name\":\"MARATOAN\",\"url\":\"https:\/\/maratoan.com.br\/\",\"logo\":{\"@type\":\"ImageObject\",\"inLanguage\":\"pt-BR\",\"@id\":\"https:\/\/maratoan.com.br\/#\/schema\/logo\/image\/\",\"url\":\"https:\/\/i0.wp.com\/maratoan.com.br\/wp-content\/uploads\/2019\/07\/logoMaratoan.jpg?fit=2176%2C474&ssl=1\",\"contentUrl\":\"https:\/\/i0.wp.com\/maratoan.com.br\/wp-content\/uploads\/2019\/07\/logoMaratoan.jpg?fit=2176%2C474&ssl=1\",\"width\":2176,\"height\":474,\"caption\":\"MARATOAN\"},\"image\":{\"@id\":\"https:\/\/maratoan.com.br\/#\/schema\/logo\/image\/\"}}]}<\/script>\n<!-- \/ Yoast SEO plugin. -->","yoast_head_json":{"title":"SOBRE - MARATOAN","robots":{"index":"index","follow":"follow","max-snippet":"max-snippet:-1","max-image-preview":"max-image-preview:large","max-video-preview":"max-video-preview:-1"},"canonical":"https:\/\/maratoan.com.br\/index.php\/sobre-2\/","og_locale":"pt_BR","og_type":"article","og_title":"SOBRE - MARATOAN","og_url":"https:\/\/maratoan.com.br\/index.php\/sobre-2\/","og_site_name":"MARATOAN","article_modified_time":"2019-07-25T10:41:40+00:00","og_image":[{"width":1024,"height":768,"url":"https:\/\/maratoan.com.br\/wp-content\/uploads\/2019\/07\/shutterstock_2218832-1024x768.jpg","type":"image\/jpeg"}],"twitter_card":"summary_large_image","twitter_misc":{"Est. tempo de leitura":"2 minutos"},"schema":{"@context":"https:\/\/schema.org","@graph":[{"@type":"WebPage","@id":"https:\/\/maratoan.com.br\/index.php\/sobre-2\/","url":"https:\/\/maratoan.com.br\/index.php\/sobre-2\/","name":"SOBRE - MARATOAN","isPartOf":{"@id":"https:\/\/maratoan.com.br\/#website"},"primaryImageOfPage":{"@id":"https:\/\/maratoan.com.br\/index.php\/sobre-2\/#primaryimage"},"image":{"@id":"https:\/\/maratoan.com.br\/index.php\/sobre-2\/#primaryimage"},"thumbnailUrl":"https:\/\/i0.wp.com\/maratoan.com.br\/wp-content\/uploads\/2019\/07\/shutterstock_2218832.jpg?fit=6000%2C4500&ssl=1","datePublished":"2019-07-25T02:36:49+00:00","dateModified":"2019-07-25T10:41:40+00:00","breadcrumb":{"@id":"https:\/\/maratoan.com.br\/index.php\/sobre-2\/#breadcrumb"},"inLanguage":"pt-BR","potentialAction":[{"@type":"ReadAction","target":["https:\/\/maratoan.com.br\/index.php\/sobre-2\/"]}]},{"@type":"ImageObject","inLanguage":"pt-BR","@id":"https:\/\/maratoan.com.br\/index.php\/sobre-2\/#primaryimage","url":"https:\/\/i0.wp.com\/maratoan.com.br\/wp-content\/uploads\/2019\/07\/shutterstock_2218832.jpg?fit=6000%2C4500&ssl=1","contentUrl":"https:\/\/i0.wp.com\/maratoan.com.br\/wp-content\/uploads\/2019\/07\/shutterstock_2218832.jpg?fit=6000%2C4500&ssl=1","width":6000,"height":4500},{"@type":"BreadcrumbList","@id":"https:\/\/maratoan.com.br\/index.php\/sobre-2\/#breadcrumb","itemListElement":[{"@type":"ListItem","position":1,"name":"In\u00edcio","item":"https:\/\/maratoan.com.br\/"},{"@type":"ListItem","position":2,"name":"SOBRE"}]},{"@type":"WebSite","@id":"https:\/\/maratoan.com.br\/#website","url":"https:\/\/maratoan.com.br\/","name":"MARATOAN","description":"Novo modo de fazer engenharia","publisher":{"@id":"https:\/\/maratoan.com.br\/#organization"},"potentialAction":[{"@type":"SearchAction","target":{"@type":"EntryPoint","urlTemplate":"https:\/\/maratoan.com.br\/?s={search_term_string}"},"query-input":{"@type":"PropertyValueSpecification","valueRequired":true,"valueName":"search_term_string"}}],"inLanguage":"pt-BR"},{"@type":"Organization","@id":"https:\/\/maratoan.com.br\/#organization","name":"MARATOAN","url":"https:\/\/maratoan.com.br\/","logo":{"@type":"ImageObject","inLanguage":"pt-BR","@id":"https:\/\/maratoan.com.br\/#\/schema\/logo\/image\/","url":"https:\/\/i0.wp.com\/maratoan.com.br\/wp-content\/uploads\/2019\/07\/logoMaratoan.jpg?fit=2176%2C474&ssl=1","contentUrl":"https:\/\/i0.wp.com\/maratoan.com.br\/wp-content\/uploads\/2019\/07\/logoMaratoan.jpg?fit=2176%2C474&ssl=1","width":2176,"height":474,"caption":"MARATOAN"},"image":{"@id":"https:\/\/maratoan.com.br\/#\/schema\/logo\/image\/"}}]}},"jetpack-related-posts":[],"jetpack_sharing_enabled":true,"_links":{"self":[{"href":"https:\/\/maratoan.com.br\/index.php\/wp-json\/wp\/v2\/pages\/235","targetHints":{"allow":["GET"]}}],"collection":[{"href":"https:\/\/maratoan.com.br\/index.php\/wp-json\/wp\/v2\/pages"}],"about":[{"href":"https:\/\/maratoan.com.br\/index.php\/wp-json\/wp\/v2\/types\/page"}],"author":[{"embeddable":true,"href":"https:\/\/maratoan.com.br\/index.php\/wp-json\/wp\/v2\/users\/1"}],"replies":[{"embeddable":true,"href":"https:\/\/maratoan.com.br\/index.php\/wp-json\/wp\/v2\/comments?post=235"}],"version-history":[{"count":0,"href":"https:\/\/maratoan.com.br\/index.php\/wp-json\/wp\/v2\/pages\/235\/revisions"}],"wp:featuredmedia":[{"embeddable":true,"href":"https:\/\/maratoan.com.br\/index.php\/wp-json\/wp\/v2\/media\/61"}],"wp:attachment":[{"href":"https:\/\/maratoan.com.br\/index.php\/wp-json\/wp\/v2\/media?parent=235"}],"curies":[{"name":"wp","href":"https:\/\/api.w.org\/{rel}","templated":true}]}}