{"id":239,"date":"2019-07-24T23:37:34","date_gmt":"2019-07-25T02:37:34","guid":{"rendered":"http:\/\/maratoan.com.br\/?page_id=239"},"modified":"2019-07-26T10:42:40","modified_gmt":"2019-07-26T13:42:40","slug":"portfolio-de-servicos","status":"publish","type":"page","link":"https:\/\/maratoan.com.br\/index.php\/portfolio-de-servicos\/","title":{"rendered":"Portf\u00f3lio de Servi\u00e7os"},"content":{"rendered":"\n<h3 style=\"text-decoration: underline;\"><center>Conhe\u00e7a o nosso Portf\u00f3lio de Servi\u00e7os<\/center><\/h3>\n\n\n\n<div class=\"wp-block-themeisle-blocks-advanced-columns has-1-columns has-desktop-equal-layout has-tablet-equal-layout has-mobile-equal-layout has-default-gap has-vertical-unset\" id=\"wp-block-themeisle-blocks-advanced-columns-a0e7861f\" style=\"border-width:0px;border-style:solid;border-color:#000000;border-radius:0px;justify-content:unset\"><div class=\"wp-themeisle-block-overlay\" style=\"background:#ffffff;opacity:0.5;mix-blend-mode:normal\"><\/div><div class=\"innerblocks-wrap\">\n<section class=\"wp-block-themeisle-blocks-advanced-column\" id=\"wp-block-themeisle-blocks-advanced-column-3166c4cf\" style=\"border-width:0px;border-style:solid;border-color:#000000;border-radius:0px\">\n<ul class=\"wp-block-list\"><li><a href=\"https:\/\/maratoan.com.br\/index.php\/elaboracao-de-projetos\/\">Elabora\u00e7\u00e3o de Projetos<\/a> <p style=\"text-align:justify;\"><img data-recalc-dims=\"1\" loading=\"lazy\" decoding=\"async\" width=\"150\" height=\"119\" class=\"wp-image-310 alignleft\" style=\"width: 150px;\" src=\"https:\/\/i0.wp.com\/maratoan.com.br\/wp-content\/uploads\/2019\/07\/93147748_F.jpg?resize=150%2C119&#038;ssl=1\" alt=\"\" srcset=\"https:\/\/i0.wp.com\/maratoan.com.br\/wp-content\/uploads\/2019\/07\/93147748_F.jpg?w=2000&amp;ssl=1 2000w, https:\/\/i0.wp.com\/maratoan.com.br\/wp-content\/uploads\/2019\/07\/93147748_F.jpg?resize=300%2C238&amp;ssl=1 300w, https:\/\/i0.wp.com\/maratoan.com.br\/wp-content\/uploads\/2019\/07\/93147748_F.jpg?resize=768%2C609&amp;ssl=1 768w, https:\/\/i0.wp.com\/maratoan.com.br\/wp-content\/uploads\/2019\/07\/93147748_F.jpg?resize=1024%2C812&amp;ssl=1 1024w, https:\/\/i0.wp.com\/maratoan.com.br\/wp-content\/uploads\/2019\/07\/93147748_F.jpg?w=1500&amp;ssl=1 1500w\" sizes=\"auto, (max-width: 150px) 100vw, 150px\" \/>O projeto de engenharia \u00e9 o guia de execu\u00e7\u00e3o de uma obra. \u201c\u00c9 importante para que as necessidades do usu\u00e1rio sejam entendidas e transformadas na melhor solu\u00e7\u00e3o arquitet\u00f4nica, o que inclui n\u00e3o s\u00f3 a est\u00e9tica como as condi\u00e7\u00f5es de habita\u00e7\u00e3o, acesso e conforto\u201d.<\/p><\/li><\/ul>\n\n\n\n<ul class=\"wp-block-list\"><li><p><a href=\"https:\/\/maratoan.com.br\/index.php\/urbanizacao-de-condominios\/\">Urbaniza\u00e7\u00e3o de Condom\u00ednios<\/a><\/p><figure><img data-recalc-dims=\"1\" loading=\"lazy\" decoding=\"async\" width=\"150\" height=\"114\" class=\"wp-image-355 alignleft\" style=\"width: 150px;\" src=\"https:\/\/i0.wp.com\/maratoan.com.br\/wp-content\/uploads\/2019\/07\/01.jpg?resize=150%2C114&#038;ssl=1\" alt=\"\" srcset=\"https:\/\/i0.wp.com\/maratoan.com.br\/wp-content\/uploads\/2019\/07\/01.jpg?w=1679&amp;ssl=1 1679w, https:\/\/i0.wp.com\/maratoan.com.br\/wp-content\/uploads\/2019\/07\/01.jpg?resize=300%2C227&amp;ssl=1 300w, https:\/\/i0.wp.com\/maratoan.com.br\/wp-content\/uploads\/2019\/07\/01.jpg?resize=768%2C582&amp;ssl=1 768w, https:\/\/i0.wp.com\/maratoan.com.br\/wp-content\/uploads\/2019\/07\/01.jpg?resize=1024%2C776&amp;ssl=1 1024w, https:\/\/i0.wp.com\/maratoan.com.br\/wp-content\/uploads\/2019\/07\/01.jpg?w=1500&amp;ssl=1 1500w\" sizes=\"auto, (max-width: 150px) 100vw, 150px\" \/><\/figure><p>Empreendimentos urban\u00edsticos com o melhor conceito integrado de moradia, lazer, seguran\u00e7a e respeito ao meio ambiente.\n<\/p><p><br><br><\/p><\/li><\/ul>\n\n\n\n<ul class=\"wp-block-list\"><li><p><a href=\"https:\/\/maratoan.com.br\/index.php\/pavimentacao-2\/\">Pavimenta\u00e7\u00e3o<\/a><\/p><figure><img data-recalc-dims=\"1\" loading=\"lazy\" decoding=\"async\" width=\"150\" height=\"100\" class=\"wp-image-60 alignleft\" style=\"width: 150px;\" src=\"https:\/\/i0.wp.com\/maratoan.com.br\/wp-content\/uploads\/2019\/07\/shutterstock_2004749.jpg?resize=150%2C100&#038;ssl=1\" alt=\"\" srcset=\"https:\/\/i0.wp.com\/maratoan.com.br\/wp-content\/uploads\/2019\/07\/shutterstock_2004749.jpg?w=3000&amp;ssl=1 3000w, https:\/\/i0.wp.com\/maratoan.com.br\/wp-content\/uploads\/2019\/07\/shutterstock_2004749.jpg?resize=300%2C201&amp;ssl=1 300w, https:\/\/i0.wp.com\/maratoan.com.br\/wp-content\/uploads\/2019\/07\/shutterstock_2004749.jpg?resize=768%2C514&amp;ssl=1 768w, https:\/\/i0.wp.com\/maratoan.com.br\/wp-content\/uploads\/2019\/07\/shutterstock_2004749.jpg?resize=1024%2C685&amp;ssl=1 1024w, https:\/\/i0.wp.com\/maratoan.com.br\/wp-content\/uploads\/2019\/07\/shutterstock_2004749.jpg?resize=360%2C240&amp;ssl=1 360w, https:\/\/i0.wp.com\/maratoan.com.br\/wp-content\/uploads\/2019\/07\/shutterstock_2004749.jpg?w=1500&amp;ssl=1 1500w, https:\/\/i0.wp.com\/maratoan.com.br\/wp-content\/uploads\/2019\/07\/shutterstock_2004749.jpg?w=2250&amp;ssl=1 2250w\" sizes=\"auto, (max-width: 150px) 100vw, 150px\" \/><\/figure><p style=\"text-align:justify;\">A pavimenta\u00e7\u00e3o proporciona conforto, melhora as condi\u00e7\u00f5es de limpeza, contribui para a sa\u00fade p\u00fablica, e proporciona n\u00edveis satisfat\u00f3rios de seguran\u00e7a, velocidade e economia no transporte. As obras contemplam tamb\u00e9m infraestruturas complementares como a implanta\u00e7\u00e3o de sistemas de drenagem e de cal\u00e7adas, promovem mais acessibilidade e melhores condi\u00e7\u00f5es de circula\u00e7\u00e3o nas cidades.<\/p><\/li><li><p><a href=\"https:\/\/maratoan.com.br\/index.php\/arquitetura-residencial\/\">Arquitetura Residencial<\/a><\/p><img data-recalc-dims=\"1\" loading=\"lazy\" decoding=\"async\" width=\"150\" height=\"106\" class=\"wp-image-75 alignleft\" style=\"width: 150px;\" src=\"https:\/\/i0.wp.com\/maratoan.com.br\/wp-content\/uploads\/2019\/07\/shutterstock_9531436.jpg?resize=150%2C106&#038;ssl=1\" alt=\"\" srcset=\"https:\/\/i0.wp.com\/maratoan.com.br\/wp-content\/uploads\/2019\/07\/shutterstock_9531436.jpg?w=3508&amp;ssl=1 3508w, https:\/\/i0.wp.com\/maratoan.com.br\/wp-content\/uploads\/2019\/07\/shutterstock_9531436.jpg?resize=300%2C212&amp;ssl=1 300w, https:\/\/i0.wp.com\/maratoan.com.br\/wp-content\/uploads\/2019\/07\/shutterstock_9531436.jpg?resize=768%2C543&amp;ssl=1 768w, https:\/\/i0.wp.com\/maratoan.com.br\/wp-content\/uploads\/2019\/07\/shutterstock_9531436.jpg?resize=1024%2C724&amp;ssl=1 1024w, https:\/\/i0.wp.com\/maratoan.com.br\/wp-content\/uploads\/2019\/07\/shutterstock_9531436.jpg?w=1500&amp;ssl=1 1500w, https:\/\/i0.wp.com\/maratoan.com.br\/wp-content\/uploads\/2019\/07\/shutterstock_9531436.jpg?w=2250&amp;ssl=1 2250w\" sizes=\"auto, (max-width: 150px) 100vw, 150px\" \/><p style=\"text-align:justify;\">Arquitetura Residencial \u00e9 destinada \u00e0 moradia e \u00e0 conviv\u00eancia de pessoas, pode ser unifamiliar ou uma projeto arquitet\u00f4nico residencial multifamiliar, ou seja, destinado a v\u00e1rias fam\u00edlias, como \u00e9 o caso dos edif\u00edcios residenciais, ou condom\u00ednios residenciais.<\/p> <\/li><\/ul>\n\n\n\n<ul class=\"wp-block-list\"><li><p><a href=\"https:\/\/maratoan.com.br\/index.php\/geometria-e-terraplenagem\/\">Geometria e Terraplanagem<\/a><\/p><p style=\"text-align:justify;\"><img data-recalc-dims=\"1\" loading=\"lazy\" decoding=\"async\" width=\"150\" height=\"113\" class=\"wp-image-203 alignleft\" style=\"width: 150px;\" src=\"https:\/\/i0.wp.com\/maratoan.com.br\/wp-content\/uploads\/2019\/07\/img_0639.jpeg?resize=150%2C113&#038;ssl=1\" alt=\"\" srcset=\"https:\/\/i0.wp.com\/maratoan.com.br\/wp-content\/uploads\/2019\/07\/img_0639.jpeg?w=4000&amp;ssl=1 4000w, https:\/\/i0.wp.com\/maratoan.com.br\/wp-content\/uploads\/2019\/07\/img_0639.jpeg?resize=300%2C225&amp;ssl=1 300w, https:\/\/i0.wp.com\/maratoan.com.br\/wp-content\/uploads\/2019\/07\/img_0639.jpeg?resize=768%2C576&amp;ssl=1 768w, https:\/\/i0.wp.com\/maratoan.com.br\/wp-content\/uploads\/2019\/07\/img_0639.jpeg?resize=1024%2C768&amp;ssl=1 1024w, https:\/\/i0.wp.com\/maratoan.com.br\/wp-content\/uploads\/2019\/07\/img_0639.jpeg?w=1500&amp;ssl=1 1500w, https:\/\/i0.wp.com\/maratoan.com.br\/wp-content\/uploads\/2019\/07\/img_0639.jpeg?w=2250&amp;ssl=1 2250w\" sizes=\"auto, (max-width: 150px) 100vw, 150px\" \/>A elabora\u00e7\u00e3o de um projeto geom\u00e9trico de terraplenagem exige muita experi\u00eancia do projetista, pois trata-se de projeto com alto n\u00edvel de dificuldade. A constru\u00e7\u00e3o desse tipo de projeto demanda um grande volume de estudos a serem executados, dentre v\u00e1rios fatores que englobam o projeto geom\u00e9trico de terraplenagem, a movimenta\u00e7\u00e3o de terra \u00e9 a mais complicada quando se trata de or\u00e7amento.<\/p> <\/li><\/ul>\n\n\n\n<ul class=\"wp-block-list\"><li><p><a href=\"https:\/\/maratoan.com.br\/index.php\/hidrologia-e-drenagem\/\">Hidrologia e Drenagem<\/a><\/p><p style=\"text-align:justify;\"><img data-recalc-dims=\"1\" loading=\"lazy\" decoding=\"async\" width=\"150\" height=\"113\" class=\"wp-image-199 alignleft\" style=\"width: 150px;\" src=\"https:\/\/i0.wp.com\/maratoan.com.br\/wp-content\/uploads\/2019\/07\/dscn2253.jpeg?resize=150%2C113&#038;ssl=1\" alt=\"\" srcset=\"https:\/\/i0.wp.com\/maratoan.com.br\/wp-content\/uploads\/2019\/07\/dscn2253.jpeg?w=3264&amp;ssl=1 3264w, https:\/\/i0.wp.com\/maratoan.com.br\/wp-content\/uploads\/2019\/07\/dscn2253.jpeg?resize=300%2C225&amp;ssl=1 300w, https:\/\/i0.wp.com\/maratoan.com.br\/wp-content\/uploads\/2019\/07\/dscn2253.jpeg?resize=768%2C576&amp;ssl=1 768w, https:\/\/i0.wp.com\/maratoan.com.br\/wp-content\/uploads\/2019\/07\/dscn2253.jpeg?resize=1024%2C768&amp;ssl=1 1024w, https:\/\/i0.wp.com\/maratoan.com.br\/wp-content\/uploads\/2019\/07\/dscn2253.jpeg?w=1500&amp;ssl=1 1500w, https:\/\/i0.wp.com\/maratoan.com.br\/wp-content\/uploads\/2019\/07\/dscn2253.jpeg?w=2250&amp;ssl=1 2250w\" sizes=\"auto, (max-width: 150px) 100vw, 150px\" \/>O planejamento urbano envolve a gest\u00e3o dos recursos h\u00eddricos, como a disponibilidade h\u00eddrica, capta\u00e7\u00e3o, tratamento e distribui\u00e7\u00e3o de \u00e1gua, coleta e tratamento de esgoto e o escoamento das \u00e1guas pluviais.<\/p> <\/li><\/ul>\n\n\n\n<ul class=\"wp-block-list\"><li><p><a href=\"https:\/\/maratoan.com.br\/index.php\/analise-geotecnica\/\">An\u00e1lise Geot\u00e9cnica<\/a><\/p><p style=\"text-align:justify;\"><img data-recalc-dims=\"1\" loading=\"lazy\" decoding=\"async\" width=\"150\" height=\"152\" class=\"wp-image-46 alignleft\" style=\"width: 150px;\" src=\"https:\/\/i0.wp.com\/maratoan.com.br\/wp-content\/uploads\/2019\/07\/analise_geotecnica_v2.jpg?resize=150%2C152&#038;ssl=1\" alt=\"\" srcset=\"https:\/\/i0.wp.com\/maratoan.com.br\/wp-content\/uploads\/2019\/07\/analise_geotecnica_v2.jpg?w=351&amp;ssl=1 351w, https:\/\/i0.wp.com\/maratoan.com.br\/wp-content\/uploads\/2019\/07\/analise_geotecnica_v2.jpg?resize=297%2C300&amp;ssl=1 297w\" sizes=\"auto, (max-width: 150px) 100vw, 150px\" \/>Para o reconhecimento dos perfis dos solos e suas respectivas caracter\u00edsticas geot\u00e9cnicas, \u00e9 realizado uma investiga\u00e7\u00e3o geot\u00e9cnica. Um exemplo, \u00e9 a sondagem, que atrav\u00e9s de descri\u00e7\u00f5es e \u00edndices obtidos para as diversas camadas existentes, determinam a varia\u00e7\u00e3o da resist\u00eancia do solo com a profundidade, pois quando n\u00e3o \u00e9 realizada ou quando os dados correlatos s\u00e3o mal interpretados, os projetos podem atrasar ou sa\u00edrem inadequados, os custos aumentam, podem ocorrer problemas ambientais, rupturas e at\u00e9 mesmo patologias estruturais.<\/p> <\/li><\/ul>\n<\/section>\n<\/div><\/div>\n","protected":false},"excerpt":{"rendered":"<p>Conhe\u00e7a o nosso Portf\u00f3lio de Servi\u00e7os<\/p>\n","protected":false},"author":1,"featured_media":45,"parent":0,"menu_order":0,"comment_status":"closed","ping_status":"closed","template":"","meta":{"_monsterinsights_skip_tracking":false,"_monsterinsights_sitenote_active":false,"_monsterinsights_sitenote_note":"","_monsterinsights_sitenote_category":0,"footnotes":""},"class_list":["post-239","page","type-page","status-publish","has-post-thumbnail","hentry"],"yoast_head":"<!-- This site is optimized with the Yoast SEO plugin v24.8.1 - https:\/\/yoast.com\/wordpress\/plugins\/seo\/ -->\n<title>Portf\u00f3lio de Servi\u00e7os - MARATOAN<\/title>\n<meta name=\"robots\" content=\"index, follow, max-snippet:-1, max-image-preview:large, max-video-preview:-1\" \/>\n<link rel=\"canonical\" href=\"https:\/\/maratoan.com.br\/index.php\/portfolio-de-servicos\/\" \/>\n<meta property=\"og:locale\" content=\"pt_BR\" \/>\n<meta property=\"og:type\" content=\"article\" \/>\n<meta property=\"og:title\" content=\"Portf\u00f3lio de Servi\u00e7os - MARATOAN\" \/>\n<meta property=\"og:description\" content=\"Conhe\u00e7a o nosso Portf\u00f3lio de Servi\u00e7os\" \/>\n<meta property=\"og:url\" content=\"https:\/\/maratoan.com.br\/index.php\/portfolio-de-servicos\/\" \/>\n<meta property=\"og:site_name\" content=\"MARATOAN\" \/>\n<meta property=\"article:modified_time\" content=\"2019-07-26T13:42:40+00:00\" \/>\n<meta property=\"og:image\" content=\"https:\/\/i0.wp.com\/maratoan.com.br\/wp-content\/uploads\/2019\/07\/analise_geotecnica.jpg?fit=1024%2C355&ssl=1\" \/>\n\t<meta property=\"og:image:width\" content=\"1024\" \/>\n\t<meta property=\"og:image:height\" content=\"355\" \/>\n\t<meta property=\"og:image:type\" content=\"image\/jpeg\" \/>\n<meta name=\"twitter:card\" content=\"summary_large_image\" \/>\n<meta name=\"twitter:label1\" content=\"Est. tempo de leitura\" \/>\n\t<meta name=\"twitter:data1\" content=\"2 minutos\" \/>\n<script type=\"application\/ld+json\" class=\"yoast-schema-graph\">{\"@context\":\"https:\/\/schema.org\",\"@graph\":[{\"@type\":\"WebPage\",\"@id\":\"https:\/\/maratoan.com.br\/index.php\/portfolio-de-servicos\/\",\"url\":\"https:\/\/maratoan.com.br\/index.php\/portfolio-de-servicos\/\",\"name\":\"Portf\u00f3lio de Servi\u00e7os - MARATOAN\",\"isPartOf\":{\"@id\":\"https:\/\/maratoan.com.br\/#website\"},\"primaryImageOfPage\":{\"@id\":\"https:\/\/maratoan.com.br\/index.php\/portfolio-de-servicos\/#primaryimage\"},\"image\":{\"@id\":\"https:\/\/maratoan.com.br\/index.php\/portfolio-de-servicos\/#primaryimage\"},\"thumbnailUrl\":\"https:\/\/i0.wp.com\/maratoan.com.br\/wp-content\/uploads\/2019\/07\/analise_geotecnica.jpg?fit=1024%2C355&ssl=1\",\"datePublished\":\"2019-07-25T02:37:34+00:00\",\"dateModified\":\"2019-07-26T13:42:40+00:00\",\"breadcrumb\":{\"@id\":\"https:\/\/maratoan.com.br\/index.php\/portfolio-de-servicos\/#breadcrumb\"},\"inLanguage\":\"pt-BR\",\"potentialAction\":[{\"@type\":\"ReadAction\",\"target\":[\"https:\/\/maratoan.com.br\/index.php\/portfolio-de-servicos\/\"]}]},{\"@type\":\"ImageObject\",\"inLanguage\":\"pt-BR\",\"@id\":\"https:\/\/maratoan.com.br\/index.php\/portfolio-de-servicos\/#primaryimage\",\"url\":\"https:\/\/i0.wp.com\/maratoan.com.br\/wp-content\/uploads\/2019\/07\/analise_geotecnica.jpg?fit=1024%2C355&ssl=1\",\"contentUrl\":\"https:\/\/i0.wp.com\/maratoan.com.br\/wp-content\/uploads\/2019\/07\/analise_geotecnica.jpg?fit=1024%2C355&ssl=1\",\"width\":1024,\"height\":355},{\"@type\":\"BreadcrumbList\",\"@id\":\"https:\/\/maratoan.com.br\/index.php\/portfolio-de-servicos\/#breadcrumb\",\"itemListElement\":[{\"@type\":\"ListItem\",\"position\":1,\"name\":\"In\u00edcio\",\"item\":\"https:\/\/maratoan.com.br\/\"},{\"@type\":\"ListItem\",\"position\":2,\"name\":\"Portf\u00f3lio de Servi\u00e7os\"}]},{\"@type\":\"WebSite\",\"@id\":\"https:\/\/maratoan.com.br\/#website\",\"url\":\"https:\/\/maratoan.com.br\/\",\"name\":\"MARATOAN\",\"description\":\"Novo modo de fazer engenharia\",\"publisher\":{\"@id\":\"https:\/\/maratoan.com.br\/#organization\"},\"potentialAction\":[{\"@type\":\"SearchAction\",\"target\":{\"@type\":\"EntryPoint\",\"urlTemplate\":\"https:\/\/maratoan.com.br\/?s={search_term_string}\"},\"query-input\":{\"@type\":\"PropertyValueSpecification\",\"valueRequired\":true,\"valueName\":\"search_term_string\"}}],\"inLanguage\":\"pt-BR\"},{\"@type\":\"Organization\",\"@id\":\"https:\/\/maratoan.com.br\/#organization\",\"name\":\"MARATOAN\",\"url\":\"https:\/\/maratoan.com.br\/\",\"logo\":{\"@type\":\"ImageObject\",\"inLanguage\":\"pt-BR\",\"@id\":\"https:\/\/maratoan.com.br\/#\/schema\/logo\/image\/\",\"url\":\"https:\/\/i0.wp.com\/maratoan.com.br\/wp-content\/uploads\/2019\/07\/logoMaratoan.jpg?fit=2176%2C474&ssl=1\",\"contentUrl\":\"https:\/\/i0.wp.com\/maratoan.com.br\/wp-content\/uploads\/2019\/07\/logoMaratoan.jpg?fit=2176%2C474&ssl=1\",\"width\":2176,\"height\":474,\"caption\":\"MARATOAN\"},\"image\":{\"@id\":\"https:\/\/maratoan.com.br\/#\/schema\/logo\/image\/\"}}]}<\/script>\n<!-- \/ Yoast SEO plugin. -->","yoast_head_json":{"title":"Portf\u00f3lio de Servi\u00e7os - MARATOAN","robots":{"index":"index","follow":"follow","max-snippet":"max-snippet:-1","max-image-preview":"max-image-preview:large","max-video-preview":"max-video-preview:-1"},"canonical":"https:\/\/maratoan.com.br\/index.php\/portfolio-de-servicos\/","og_locale":"pt_BR","og_type":"article","og_title":"Portf\u00f3lio de Servi\u00e7os - MARATOAN","og_description":"Conhe\u00e7a o nosso Portf\u00f3lio de Servi\u00e7os","og_url":"https:\/\/maratoan.com.br\/index.php\/portfolio-de-servicos\/","og_site_name":"MARATOAN","article_modified_time":"2019-07-26T13:42:40+00:00","og_image":[{"width":1024,"height":355,"url":"https:\/\/i0.wp.com\/maratoan.com.br\/wp-content\/uploads\/2019\/07\/analise_geotecnica.jpg?fit=1024%2C355&ssl=1","type":"image\/jpeg"}],"twitter_card":"summary_large_image","twitter_misc":{"Est. tempo de leitura":"2 minutos"},"schema":{"@context":"https:\/\/schema.org","@graph":[{"@type":"WebPage","@id":"https:\/\/maratoan.com.br\/index.php\/portfolio-de-servicos\/","url":"https:\/\/maratoan.com.br\/index.php\/portfolio-de-servicos\/","name":"Portf\u00f3lio de Servi\u00e7os - MARATOAN","isPartOf":{"@id":"https:\/\/maratoan.com.br\/#website"},"primaryImageOfPage":{"@id":"https:\/\/maratoan.com.br\/index.php\/portfolio-de-servicos\/#primaryimage"},"image":{"@id":"https:\/\/maratoan.com.br\/index.php\/portfolio-de-servicos\/#primaryimage"},"thumbnailUrl":"https:\/\/i0.wp.com\/maratoan.com.br\/wp-content\/uploads\/2019\/07\/analise_geotecnica.jpg?fit=1024%2C355&ssl=1","datePublished":"2019-07-25T02:37:34+00:00","dateModified":"2019-07-26T13:42:40+00:00","breadcrumb":{"@id":"https:\/\/maratoan.com.br\/index.php\/portfolio-de-servicos\/#breadcrumb"},"inLanguage":"pt-BR","potentialAction":[{"@type":"ReadAction","target":["https:\/\/maratoan.com.br\/index.php\/portfolio-de-servicos\/"]}]},{"@type":"ImageObject","inLanguage":"pt-BR","@id":"https:\/\/maratoan.com.br\/index.php\/portfolio-de-servicos\/#primaryimage","url":"https:\/\/i0.wp.com\/maratoan.com.br\/wp-content\/uploads\/2019\/07\/analise_geotecnica.jpg?fit=1024%2C355&ssl=1","contentUrl":"https:\/\/i0.wp.com\/maratoan.com.br\/wp-content\/uploads\/2019\/07\/analise_geotecnica.jpg?fit=1024%2C355&ssl=1","width":1024,"height":355},{"@type":"BreadcrumbList","@id":"https:\/\/maratoan.com.br\/index.php\/portfolio-de-servicos\/#breadcrumb","itemListElement":[{"@type":"ListItem","position":1,"name":"In\u00edcio","item":"https:\/\/maratoan.com.br\/"},{"@type":"ListItem","position":2,"name":"Portf\u00f3lio de Servi\u00e7os"}]},{"@type":"WebSite","@id":"https:\/\/maratoan.com.br\/#website","url":"https:\/\/maratoan.com.br\/","name":"MARATOAN","description":"Novo modo de fazer engenharia","publisher":{"@id":"https:\/\/maratoan.com.br\/#organization"},"potentialAction":[{"@type":"SearchAction","target":{"@type":"EntryPoint","urlTemplate":"https:\/\/maratoan.com.br\/?s={search_term_string}"},"query-input":{"@type":"PropertyValueSpecification","valueRequired":true,"valueName":"search_term_string"}}],"inLanguage":"pt-BR"},{"@type":"Organization","@id":"https:\/\/maratoan.com.br\/#organization","name":"MARATOAN","url":"https:\/\/maratoan.com.br\/","logo":{"@type":"ImageObject","inLanguage":"pt-BR","@id":"https:\/\/maratoan.com.br\/#\/schema\/logo\/image\/","url":"https:\/\/i0.wp.com\/maratoan.com.br\/wp-content\/uploads\/2019\/07\/logoMaratoan.jpg?fit=2176%2C474&ssl=1","contentUrl":"https:\/\/i0.wp.com\/maratoan.com.br\/wp-content\/uploads\/2019\/07\/logoMaratoan.jpg?fit=2176%2C474&ssl=1","width":2176,"height":474,"caption":"MARATOAN"},"image":{"@id":"https:\/\/maratoan.com.br\/#\/schema\/logo\/image\/"}}]}},"jetpack-related-posts":[],"jetpack_sharing_enabled":true,"_links":{"self":[{"href":"https:\/\/maratoan.com.br\/index.php\/wp-json\/wp\/v2\/pages\/239","targetHints":{"allow":["GET"]}}],"collection":[{"href":"https:\/\/maratoan.com.br\/index.php\/wp-json\/wp\/v2\/pages"}],"about":[{"href":"https:\/\/maratoan.com.br\/index.php\/wp-json\/wp\/v2\/types\/page"}],"author":[{"embeddable":true,"href":"https:\/\/maratoan.com.br\/index.php\/wp-json\/wp\/v2\/users\/1"}],"replies":[{"embeddable":true,"href":"https:\/\/maratoan.com.br\/index.php\/wp-json\/wp\/v2\/comments?post=239"}],"version-history":[{"count":0,"href":"https:\/\/maratoan.com.br\/index.php\/wp-json\/wp\/v2\/pages\/239\/revisions"}],"wp:featuredmedia":[{"embeddable":true,"href":"https:\/\/maratoan.com.br\/index.php\/wp-json\/wp\/v2\/media\/45"}],"wp:attachment":[{"href":"https:\/\/maratoan.com.br\/index.php\/wp-json\/wp\/v2\/media?parent=239"}],"curies":[{"name":"wp","href":"https:\/\/api.w.org\/{rel}","templated":true}]}}