{"id":433,"date":"2019-07-25T20:44:47","date_gmt":"2019-07-25T23:44:47","guid":{"rendered":"http:\/\/maratoan.com.br\/?page_id=433"},"modified":"2019-07-26T10:33:53","modified_gmt":"2019-07-26T13:33:53","slug":"fiscalizacao-de-obras","status":"publish","type":"page","link":"https:\/\/maratoan.com.br\/index.php\/fiscalizacao-de-obras\/","title":{"rendered":"Fiscaliza\u00e7\u00e3o de Obras"},"content":{"rendered":"\n<div class=\"wp-block-themeisle-blocks-advanced-columns has-1-columns has-desktop-equal-layout has-tablet-equal-layout has-mobile-equal-layout has-default-gap has-vertical-unset\" id=\"wp-block-themeisle-blocks-advanced-columns-ebad3c46\" style=\"border-width:0px;border-style:solid;border-color:#000000;border-radius:0px;justify-content:unset\"><div class=\"wp-themeisle-block-overlay\" style=\"opacity:0.5;mix-blend-mode:normal\"><\/div><div class=\"innerblocks-wrap\">\n<div class=\"wp-block-themeisle-blocks-advanced-column\" id=\"wp-block-themeisle-blocks-advanced-column-fcde33fa\" style=\"border-width:0px;border-style:solid;border-color:#000000;border-radius:0px\">\n<h3 style=\"text-decoration:underline;\">Fiscaliza\u00e7\u00e3o de Obras<\/h3>\n\n\n\n<p><p style=\"text-align: justify;\">A fiscaliza\u00e7\u00e3o tem como objetivo assegurar a gest\u00e3o e a supervis\u00e3o das atividades integrantes de uma obra de constru\u00e7\u00e3o civil, tendo em conta o projeto de engenharia civil, projeto de arquitetura e o caderno de encargos, entre outros. A fiscaliza\u00e7\u00e3o deve garantir a qualidade da obra e a seguran\u00e7a de todas as atividades no estaleiro.<\/p>\n<p style=\"text-align: justify;\">Uma consider\u00e1vel seq\u00fc\u00eancia de acidentes em obras de engenharia, seq\u00fc\u00eancia pontuada pelo rompimento da barragem da Samarco em Mariana \u2013 MG, tem trazido \u00e0 tona e revelado um alto grau de confus\u00f5es conceituais sobre o papel da fiscaliza\u00e7\u00e3o t\u00e9cnica promovida por \u00f3rg\u00e3os de governo em empreendimentos de engenharia privados e p\u00fablicos.&nbsp;<\/p><\/p>\n\n\n\n<figure class=\"wp-block-image is-resized\"><img data-recalc-dims=\"1\" loading=\"lazy\" decoding=\"async\" src=\"https:\/\/i0.wp.com\/www.forumdaconstrucao.com.br\/materias\/imagens\/01911_02.jpg?resize=472%2C315\" alt=\"\" width=\"472\" height=\"315\"\/><\/figure>\n\n\n\n<p><p style=\"text-align: justify;\">Essas confus\u00f5es conceituais est\u00e3o inclusive propiciando o surgimento de rituais jur\u00eddicos em que, basicamente, propriet\u00e1rios de obras acidentadas astuciosamente pleiteiam a divis\u00e3o de responsabilidades pelos acidentes com o poder p\u00fablico em vista de falhas eventualmente verificadas nos procedimentos de fiscaliza\u00e7\u00e3o t\u00e9cnica.&nbsp;<\/p>\n<p style=\"text-align: justify;\">Para que absurdos como esse n\u00e3o prosperem, e a sociedade n\u00e3o venha a ser duplamente penalizada, faz-se indispens\u00e1vel um mais apurado esclarecimento dos v\u00e1rios aspectos envolvidos na quest\u00e3o.&nbsp;<\/p>\n<p style=\"text-align: justify;\">Essencial entender-se que a fiscaliza\u00e7\u00e3o t\u00e9cnica realizada pela administra\u00e7\u00e3o p\u00fablica guarda uma rela\u00e7\u00e3o direta e exclusiva com a sociedade. Em ess\u00eancia, esse procedimento tem como objetivo prover garantias \u00e0 sociedade quanto ao bom desempenho e quanto \u00e0 seguran\u00e7a do empreendimento fiscalizado.&nbsp;<\/p>\n<p style=\"text-align: justify;\">Ou seja, se essa fiscaliza\u00e7\u00e3o comete uma falha, ou por aus\u00eancia, ou por insufici\u00eancia, ou por despreparo, ela falhou com a sociedade a que se obrigava defender. E deve ser, sim, investigada por esse deslize. O que de forma alguma n\u00e3o sugere que a ela deva caber qualquer m\u00ednima responsabilidade por problemas que possam haver acontecido na obra fiscalizada.&nbsp;<\/p>\n<p style=\"text-align: justify;\">Implica essa afirma\u00e7\u00e3o o entendimento de que de forma alguma a fiscaliza\u00e7\u00e3o t\u00e9cnica pode ser confundida com algo que se assemelhe a uma consultoria t\u00e9cnica colocada \u00e0 disposi\u00e7\u00e3o do empres\u00e1rio pela administra\u00e7\u00e3o p\u00fablica, e cujo papel seria periodicamente examinar a obra, identificar problemas, e orientar o propriet\u00e1rio em sua corre\u00e7\u00e3o. N\u00e3o, n\u00e3o existe e nem est\u00e1 preconizado esse tipo de relacionamento entre fiscaliza\u00e7\u00e3o e propriet\u00e1rio de obra.&nbsp;<\/p>\n<p style=\"text-align: justify;\">Claro, o acordo de fiscaliza\u00e7\u00e3o inclui a obrigatoriedade do propriet\u00e1rio fornecer todas informa\u00e7\u00f5es solicitadas pelos agentes fiscais, como o dever desses comunica-lo de todas as observa\u00e7\u00f5es e exig\u00eancias produzidas em seu procedimento fiscalizat\u00f3rio, que pode, ao limite, at\u00e9 recomendar a interdi\u00e7\u00e3o da obra. Mas nunca um dono de obra poder\u00e1 alegar que deixou de tomar esse ou aquele cuidado t\u00e9cnico pelo fato da fiscaliza\u00e7\u00e3o nunca lhe haver solicitado tal provid\u00eancia. Isso precisa estar muito claro para todas as partes envolvidas.&nbsp;<\/p>\n<p style=\"text-align: justify;\">As rela\u00e7\u00f5es de responsabilidade do empres\u00e1rio com sua obra independem radicalmente do processo fiscalizat\u00f3rio. Isto \u00e9, \u00e9 dele a responsabilidade t\u00e9cnica total sobre a qualidade de sua obra e sobre eventuais acidentes ou disfun\u00e7\u00f5es t\u00e9cnicas que com ela possam acontecer.&nbsp;<\/p>\n<p style=\"text-align: justify;\">Para isso tem \u00e0 sua direta disposi\u00e7\u00e3o, nas fases de projeto, implanta\u00e7\u00e3o e opera\u00e7\u00e3o\/monitoramento\/manuten\u00e7\u00e3o de seu empreendimento, todos os conhecimentos t\u00e9cnicos produzidos e acumulados nacional e internacionalmente, e que lhe possam ser \u00fateis e necess\u00e1rios, conhecimentos esses personificados em seu pr\u00f3prio pessoal t\u00e9cnico e em terceiros para tanto contratados.&nbsp;<\/p>\n<p style=\"text-align: justify;\">Ou seja, o lado da excel\u00eancia t\u00e9cnica obrigat\u00f3ria \u00e9 o lado do propriet\u00e1rio da obra, n\u00e3o o lado da fiscaliza\u00e7\u00e3o; \u00e0 qual cabe, sim, ter compet\u00eancia para o que faz, mas muito mais uma compet\u00eancia em esmeradamente bem cumprir seus protocolos fiscalizat\u00f3rios.&nbsp;<\/p>\n<p style=\"text-align: justify;\">De outra parte, vale na oportunidade registrar uma pondera\u00e7\u00e3o cr\u00edtica ao atual arranjo institucional da a\u00e7\u00e3o fiscalizat\u00f3ria, tomando o caso das barragens como exemplo.&nbsp;<\/p>\n<p style=\"text-align: justify;\">Hoje essa fun\u00e7\u00e3o est\u00e1 distribu\u00edda em diversos \u00f3rg\u00e3os segundo sua natureza. No entanto, uma barragem sempre dever\u00e1 apresentar e cumprir requisitos hidr\u00e1ulicos e geot\u00e9cnicos muito pr\u00f3prios, qualquer que seja sua natureza: gera\u00e7\u00e3o de eletricidade, abastecimento, a\u00e7udagem, irriga\u00e7\u00e3o, minera\u00e7\u00e3o, lazer, etc.&nbsp;<\/p>\n<p style=\"text-align: justify;\">De tal forma que seria muito mais eficiente para o desenvolvimento de uma cultura t\u00e9cnica comum de fiscaliza\u00e7\u00e3o que essa opera\u00e7\u00e3o fosse exercida somente por uma institui\u00e7\u00e3o, para tanto vocacionada por seu expertise na mat\u00e9ria.&nbsp;<\/p><\/p>\n\n\n\n<p style=\"text-align:right\">fonte: <a href=\"http:\/\/forumdaconstrucao.com.br\/conteudo.php?a=9&amp;Cod=1911\">http:\/\/forumdaconstrucao.com.br\/conteudo.php?a=9&amp;Cod=1911<\/a><\/p>\n<\/div>\n<\/div><\/div>\n","protected":false},"excerpt":{"rendered":"","protected":false},"author":1,"featured_media":461,"parent":0,"menu_order":0,"comment_status":"closed","ping_status":"closed","template":"","meta":{"_monsterinsights_skip_tracking":false,"_monsterinsights_sitenote_active":false,"_monsterinsights_sitenote_note":"","_monsterinsights_sitenote_category":0,"footnotes":""},"class_list":["post-433","page","type-page","status-publish","has-post-thumbnail","hentry"],"yoast_head":"<!-- This site is optimized with the Yoast SEO plugin v24.8.1 - https:\/\/yoast.com\/wordpress\/plugins\/seo\/ -->\n<title>Fiscaliza\u00e7\u00e3o de Obras - MARATOAN<\/title>\n<meta name=\"robots\" content=\"index, follow, max-snippet:-1, max-image-preview:large, max-video-preview:-1\" \/>\n<link rel=\"canonical\" href=\"https:\/\/maratoan.com.br\/index.php\/fiscalizacao-de-obras\/\" \/>\n<meta property=\"og:locale\" content=\"pt_BR\" \/>\n<meta property=\"og:type\" content=\"article\" \/>\n<meta property=\"og:title\" content=\"Fiscaliza\u00e7\u00e3o de Obras - MARATOAN\" \/>\n<meta property=\"og:url\" content=\"https:\/\/maratoan.com.br\/index.php\/fiscalizacao-de-obras\/\" \/>\n<meta property=\"og:site_name\" content=\"MARATOAN\" \/>\n<meta property=\"article:modified_time\" content=\"2019-07-26T13:33:53+00:00\" \/>\n<meta property=\"og:image\" content=\"https:\/\/i0.wp.com\/maratoan.com.br\/wp-content\/uploads\/2019\/07\/images-5.jpeg?fit=300%2C168&ssl=1\" \/>\n\t<meta property=\"og:image:width\" content=\"300\" \/>\n\t<meta property=\"og:image:height\" content=\"168\" \/>\n\t<meta property=\"og:image:type\" content=\"image\/jpeg\" \/>\n<meta name=\"twitter:card\" content=\"summary_large_image\" \/>\n<meta name=\"twitter:label1\" content=\"Est. tempo de leitura\" \/>\n\t<meta name=\"twitter:data1\" content=\"4 minutos\" \/>\n<script type=\"application\/ld+json\" class=\"yoast-schema-graph\">{\"@context\":\"https:\/\/schema.org\",\"@graph\":[{\"@type\":\"WebPage\",\"@id\":\"https:\/\/maratoan.com.br\/index.php\/fiscalizacao-de-obras\/\",\"url\":\"https:\/\/maratoan.com.br\/index.php\/fiscalizacao-de-obras\/\",\"name\":\"Fiscaliza\u00e7\u00e3o de Obras - MARATOAN\",\"isPartOf\":{\"@id\":\"https:\/\/maratoan.com.br\/#website\"},\"primaryImageOfPage\":{\"@id\":\"https:\/\/maratoan.com.br\/index.php\/fiscalizacao-de-obras\/#primaryimage\"},\"image\":{\"@id\":\"https:\/\/maratoan.com.br\/index.php\/fiscalizacao-de-obras\/#primaryimage\"},\"thumbnailUrl\":\"https:\/\/i0.wp.com\/maratoan.com.br\/wp-content\/uploads\/2019\/07\/images-5.jpeg?fit=300%2C168&ssl=1\",\"datePublished\":\"2019-07-25T23:44:47+00:00\",\"dateModified\":\"2019-07-26T13:33:53+00:00\",\"breadcrumb\":{\"@id\":\"https:\/\/maratoan.com.br\/index.php\/fiscalizacao-de-obras\/#breadcrumb\"},\"inLanguage\":\"pt-BR\",\"potentialAction\":[{\"@type\":\"ReadAction\",\"target\":[\"https:\/\/maratoan.com.br\/index.php\/fiscalizacao-de-obras\/\"]}]},{\"@type\":\"ImageObject\",\"inLanguage\":\"pt-BR\",\"@id\":\"https:\/\/maratoan.com.br\/index.php\/fiscalizacao-de-obras\/#primaryimage\",\"url\":\"https:\/\/i0.wp.com\/maratoan.com.br\/wp-content\/uploads\/2019\/07\/images-5.jpeg?fit=300%2C168&ssl=1\",\"contentUrl\":\"https:\/\/i0.wp.com\/maratoan.com.br\/wp-content\/uploads\/2019\/07\/images-5.jpeg?fit=300%2C168&ssl=1\",\"width\":300,\"height\":168},{\"@type\":\"BreadcrumbList\",\"@id\":\"https:\/\/maratoan.com.br\/index.php\/fiscalizacao-de-obras\/#breadcrumb\",\"itemListElement\":[{\"@type\":\"ListItem\",\"position\":1,\"name\":\"In\u00edcio\",\"item\":\"https:\/\/maratoan.com.br\/\"},{\"@type\":\"ListItem\",\"position\":2,\"name\":\"Fiscaliza\u00e7\u00e3o de Obras\"}]},{\"@type\":\"WebSite\",\"@id\":\"https:\/\/maratoan.com.br\/#website\",\"url\":\"https:\/\/maratoan.com.br\/\",\"name\":\"MARATOAN\",\"description\":\"Novo modo de fazer engenharia\",\"publisher\":{\"@id\":\"https:\/\/maratoan.com.br\/#organization\"},\"potentialAction\":[{\"@type\":\"SearchAction\",\"target\":{\"@type\":\"EntryPoint\",\"urlTemplate\":\"https:\/\/maratoan.com.br\/?s={search_term_string}\"},\"query-input\":{\"@type\":\"PropertyValueSpecification\",\"valueRequired\":true,\"valueName\":\"search_term_string\"}}],\"inLanguage\":\"pt-BR\"},{\"@type\":\"Organization\",\"@id\":\"https:\/\/maratoan.com.br\/#organization\",\"name\":\"MARATOAN\",\"url\":\"https:\/\/maratoan.com.br\/\",\"logo\":{\"@type\":\"ImageObject\",\"inLanguage\":\"pt-BR\",\"@id\":\"https:\/\/maratoan.com.br\/#\/schema\/logo\/image\/\",\"url\":\"https:\/\/i0.wp.com\/maratoan.com.br\/wp-content\/uploads\/2019\/07\/logoMaratoan.jpg?fit=2176%2C474&ssl=1\",\"contentUrl\":\"https:\/\/i0.wp.com\/maratoan.com.br\/wp-content\/uploads\/2019\/07\/logoMaratoan.jpg?fit=2176%2C474&ssl=1\",\"width\":2176,\"height\":474,\"caption\":\"MARATOAN\"},\"image\":{\"@id\":\"https:\/\/maratoan.com.br\/#\/schema\/logo\/image\/\"}}]}<\/script>\n<!-- \/ Yoast SEO plugin. -->","yoast_head_json":{"title":"Fiscaliza\u00e7\u00e3o de Obras - MARATOAN","robots":{"index":"index","follow":"follow","max-snippet":"max-snippet:-1","max-image-preview":"max-image-preview:large","max-video-preview":"max-video-preview:-1"},"canonical":"https:\/\/maratoan.com.br\/index.php\/fiscalizacao-de-obras\/","og_locale":"pt_BR","og_type":"article","og_title":"Fiscaliza\u00e7\u00e3o de Obras - MARATOAN","og_url":"https:\/\/maratoan.com.br\/index.php\/fiscalizacao-de-obras\/","og_site_name":"MARATOAN","article_modified_time":"2019-07-26T13:33:53+00:00","og_image":[{"width":300,"height":168,"url":"https:\/\/i0.wp.com\/maratoan.com.br\/wp-content\/uploads\/2019\/07\/images-5.jpeg?fit=300%2C168&ssl=1","type":"image\/jpeg"}],"twitter_card":"summary_large_image","twitter_misc":{"Est. tempo de leitura":"4 minutos"},"schema":{"@context":"https:\/\/schema.org","@graph":[{"@type":"WebPage","@id":"https:\/\/maratoan.com.br\/index.php\/fiscalizacao-de-obras\/","url":"https:\/\/maratoan.com.br\/index.php\/fiscalizacao-de-obras\/","name":"Fiscaliza\u00e7\u00e3o de Obras - MARATOAN","isPartOf":{"@id":"https:\/\/maratoan.com.br\/#website"},"primaryImageOfPage":{"@id":"https:\/\/maratoan.com.br\/index.php\/fiscalizacao-de-obras\/#primaryimage"},"image":{"@id":"https:\/\/maratoan.com.br\/index.php\/fiscalizacao-de-obras\/#primaryimage"},"thumbnailUrl":"https:\/\/i0.wp.com\/maratoan.com.br\/wp-content\/uploads\/2019\/07\/images-5.jpeg?fit=300%2C168&ssl=1","datePublished":"2019-07-25T23:44:47+00:00","dateModified":"2019-07-26T13:33:53+00:00","breadcrumb":{"@id":"https:\/\/maratoan.com.br\/index.php\/fiscalizacao-de-obras\/#breadcrumb"},"inLanguage":"pt-BR","potentialAction":[{"@type":"ReadAction","target":["https:\/\/maratoan.com.br\/index.php\/fiscalizacao-de-obras\/"]}]},{"@type":"ImageObject","inLanguage":"pt-BR","@id":"https:\/\/maratoan.com.br\/index.php\/fiscalizacao-de-obras\/#primaryimage","url":"https:\/\/i0.wp.com\/maratoan.com.br\/wp-content\/uploads\/2019\/07\/images-5.jpeg?fit=300%2C168&ssl=1","contentUrl":"https:\/\/i0.wp.com\/maratoan.com.br\/wp-content\/uploads\/2019\/07\/images-5.jpeg?fit=300%2C168&ssl=1","width":300,"height":168},{"@type":"BreadcrumbList","@id":"https:\/\/maratoan.com.br\/index.php\/fiscalizacao-de-obras\/#breadcrumb","itemListElement":[{"@type":"ListItem","position":1,"name":"In\u00edcio","item":"https:\/\/maratoan.com.br\/"},{"@type":"ListItem","position":2,"name":"Fiscaliza\u00e7\u00e3o de Obras"}]},{"@type":"WebSite","@id":"https:\/\/maratoan.com.br\/#website","url":"https:\/\/maratoan.com.br\/","name":"MARATOAN","description":"Novo modo de fazer engenharia","publisher":{"@id":"https:\/\/maratoan.com.br\/#organization"},"potentialAction":[{"@type":"SearchAction","target":{"@type":"EntryPoint","urlTemplate":"https:\/\/maratoan.com.br\/?s={search_term_string}"},"query-input":{"@type":"PropertyValueSpecification","valueRequired":true,"valueName":"search_term_string"}}],"inLanguage":"pt-BR"},{"@type":"Organization","@id":"https:\/\/maratoan.com.br\/#organization","name":"MARATOAN","url":"https:\/\/maratoan.com.br\/","logo":{"@type":"ImageObject","inLanguage":"pt-BR","@id":"https:\/\/maratoan.com.br\/#\/schema\/logo\/image\/","url":"https:\/\/i0.wp.com\/maratoan.com.br\/wp-content\/uploads\/2019\/07\/logoMaratoan.jpg?fit=2176%2C474&ssl=1","contentUrl":"https:\/\/i0.wp.com\/maratoan.com.br\/wp-content\/uploads\/2019\/07\/logoMaratoan.jpg?fit=2176%2C474&ssl=1","width":2176,"height":474,"caption":"MARATOAN"},"image":{"@id":"https:\/\/maratoan.com.br\/#\/schema\/logo\/image\/"}}]}},"jetpack-related-posts":[],"jetpack_sharing_enabled":true,"_links":{"self":[{"href":"https:\/\/maratoan.com.br\/index.php\/wp-json\/wp\/v2\/pages\/433","targetHints":{"allow":["GET"]}}],"collection":[{"href":"https:\/\/maratoan.com.br\/index.php\/wp-json\/wp\/v2\/pages"}],"about":[{"href":"https:\/\/maratoan.com.br\/index.php\/wp-json\/wp\/v2\/types\/page"}],"author":[{"embeddable":true,"href":"https:\/\/maratoan.com.br\/index.php\/wp-json\/wp\/v2\/users\/1"}],"replies":[{"embeddable":true,"href":"https:\/\/maratoan.com.br\/index.php\/wp-json\/wp\/v2\/comments?post=433"}],"version-history":[{"count":0,"href":"https:\/\/maratoan.com.br\/index.php\/wp-json\/wp\/v2\/pages\/433\/revisions"}],"wp:featuredmedia":[{"embeddable":true,"href":"https:\/\/maratoan.com.br\/index.php\/wp-json\/wp\/v2\/media\/461"}],"wp:attachment":[{"href":"https:\/\/maratoan.com.br\/index.php\/wp-json\/wp\/v2\/media?parent=433"}],"curies":[{"name":"wp","href":"https:\/\/api.w.org\/{rel}","templated":true}]}}