{"id":510,"date":"2019-07-26T09:40:06","date_gmt":"2019-07-26T12:40:06","guid":{"rendered":"https:\/\/maratoan.com.br\/?page_id=510"},"modified":"2019-07-26T09:40:36","modified_gmt":"2019-07-26T12:40:36","slug":"controle-de-qualidade-2","status":"publish","type":"page","link":"https:\/\/maratoan.com.br\/index.php\/controle-de-qualidade-2\/","title":{"rendered":"Controle de Qualidade"},"content":{"rendered":"\n<div class=\"wp-block-themeisle-blocks-advanced-columns has-1-columns has-desktop-equal-layout has-tablet-equal-layout has-mobile-equal-layout has-default-gap has-vertical-unset\" id=\"wp-block-themeisle-blocks-advanced-columns-152d8856\" style=\"border-width:0px;border-style:solid;border-color:#000000;border-radius:0px;justify-content:unset\"><div class=\"wp-themeisle-block-overlay\" style=\"opacity:0.5;mix-blend-mode:normal\"><\/div><div class=\"innerblocks-wrap\">\n<div class=\"wp-block-themeisle-blocks-advanced-column\" id=\"wp-block-themeisle-blocks-advanced-column-9fa38360\" style=\"border-width:0px;border-style:solid;border-color:#000000;border-radius:0px\">\n<p><strong>Qual a import\u00e2ncia dos processos para Controle e Qualidade da obra?<\/strong><\/p>\n\n\n\n<figure class=\"wp-block-image is-resized\"><a href=\"https:\/\/i0.wp.com\/blog.ipog.edu.br\/wp-content\/uploads\/2017\/12\/qualidade-da-obra.jpg?ssl=1\" target=\"_blank\" rel=\"noreferrer noopener\"><img data-recalc-dims=\"1\" loading=\"lazy\" decoding=\"async\" src=\"https:\/\/i0.wp.com\/blog.ipog.edu.br\/wp-content\/uploads\/2017\/12\/qualidade-da-obra-920x368.jpg?resize=600%2C240&#038;ssl=1\" alt=\"qualidade na obra e sua importancia\" width=\"600\" height=\"240\"\/><\/a><\/figure>\n\n\n\n<p>A realiza\u00e7\u00e3o de uma obra envolve uma s\u00e9rie de fatores como prazo,\u00a0custos, recursos, etc. Para que todo corra dentro do previsto, com qualidade da obra e\u00a0seguran\u00e7a\u00a0\u00e9 necess\u00e1rio que\u00a0profissionais\u00a0qualificados estejam acompanhando todo esse\u00a0processo.<\/p>\n\n\n\n<p>Nesse contexto, se torna primordial a presen\u00e7a de algu\u00e9m capaz de gerir os processos de controle e qualidade da obra. Fun\u00e7\u00e3o essencial para combater atrasos, desperd\u00edcios e, principalmente, aumento do custo final.<\/p>\n\n\n\n<p>Al\u00e9m disso, um projeto realizado a partir do controle de processos e de acordo com as normas, conquista melhores certifica\u00e7\u00f5es no&nbsp;mercado. No entanto,&nbsp;resultados&nbsp;assim s\u00f3 se alcan\u00e7am com uma&nbsp;gest\u00e3o&nbsp;eficaz sobre os processos.<\/p>\n\n\n\n<p>Um&nbsp;trabalho&nbsp;minucioso e atento, nesse sentido, diminui o n\u00famero de falhas (custos inesperados e retrabalhos, principalmente).<\/p>\n\n\n\n<p>O objetivo essencial da gest\u00e3o da qualidade \u00e9 buscar o \u201czero defeito\u201d. Apregoada pelo mestre Philip Crosby, o foco \u00e9 eliminar toda e qualquer inconveni\u00eancia durante a fase do projeto, de concep\u00e7\u00e3o e do uso do produto em sua vida \u00fatil.<\/p>\n\n\n\n<p>\u201cBuscamos otimizar o LCC \u2013 Life Cycle Cost \u2013 Custo Global \u2013 projetos, implementa\u00e7\u00e3o, opera\u00e7\u00e3o e manuten\u00e7\u00e3o do produto consequente do projeto. As inconveni\u00eancias s\u00e3o: erros, desperd\u00edcios, perdas, retrabalhos, acidentes, doen\u00e7as ocupacionais, desmotiva\u00e7\u00e3o, atrasos, defeitos, polui\u00e7\u00e3o, falta de comunica\u00e7\u00e3o, desconforto, insatisfa\u00e7\u00e3o das partes interessadas, quebras, etc. Enfim, tudo o que gera custos da n\u00e3o qualidade e que, consequentemente, necessita de a\u00e7\u00f5es corretivas\u201d, afirma Luis Cordeiro de Barros Filho, mestre e professor do curso de p\u00f3s-gradua\u00e7\u00e3o em Gest\u00e3o de Obras, Empreendimento e Qualidade na Constru\u00e7\u00e3o Civil e de Gest\u00e3o de Projetos na Engenharia e Arquitetura do IPOG.<\/p>\n\n\n\n<p>Segundo o professor, o modelo da gest\u00e3o da qualidade visa estabelecer a\u00e7\u00f5es preventivas e de melhorias cont\u00ednuas \u2013 custos da qualidade \u2013 em todos os processos e etapas.<\/p>\n\n\n\n<figure class=\"wp-block-pullquote\"><blockquote><p>&#8220;O impacto na constru\u00e7\u00e3o civil \u00e9 maior, porque os erros cometidos v\u00e3o atingir o produto de maior usabilidade pelo homem, em torno de 40 anos de vida, podendo ser catastr\u00f3ficos, inclusive com mortes\u201d, comenta o professor.&#8221;<\/p><\/blockquote><\/figure>\n\n\n\n<p><strong>Import\u00e2ncia do processo de controle para qualidade da obra<\/strong><\/p>\n\n\n\n<p><strong>Materiais<\/strong><\/p>\n\n\n\n<p>Antes da obra, \u00e9 importante inspecionar todos os materiais e&nbsp;equipamentos que ser\u00e3o utilizados. Isso evita problemas que podem acontecer durante a execu\u00e7\u00e3o.<\/p>\n\n\n\n<p><strong>Seguran\u00e7a dos Trabalhadores<\/strong><\/p>\n\n\n\n<p>Garantir que os trabalhadores tenham \u00e0 disposi\u00e7\u00e3o os equipamentos de seguran\u00e7a necess\u00e1ria e que far\u00e3o uso deles tamb\u00e9m \u00e9 primordial para a seguran\u00e7a e qualidade da obra. A lei \u00e9 rigorosa quanto \u00e0 seguran\u00e7a do trabalho e o gestor da obra tamb\u00e9m precisa ser.<\/p>\n\n\n\n<p><strong>M\u00e9todos padronizados<\/strong><\/p>\n\n\n\n<p>Padronizar os m\u00e9todos gera qualidade,&nbsp;produtividade&nbsp;e o melhor, satisfa\u00e7\u00e3o do cliente. Por isso, muitas empresas t\u00eam investido na informatiza\u00e7\u00e3o dos processos buscando melhores resultados. Al\u00e9m disso, contar com a tecnologia \u00e9 importante principalmente diante de&nbsp;procedimentos&nbsp;mais complexos.<\/p>\n\n\n\n<p><strong>Mais vantagens do controle da qualidade da obra<\/strong><\/p>\n\n\n\n<p>O controle da qualidade cuida diretamente do projeto em si, da qualidade intr\u00ednseca que \u00e9 o produto a ser entregue ao cliente, atendendo os requisitos t\u00e9cnicos do escopo do projeto e, posteriormente, o&nbsp;empreendimento&nbsp;e toda sua vida \u00fatil. Ou seja, colocando o projeto na pr\u00e1tica e transformando-o em um servi\u00e7o ou produto\u201d, explica Luis Cordeiro de Barros Filho.<\/p>\n\n\n\n<p>De acordo com o mestre, a ISO \u2013 International Organization for Standardization- elaborou a norma ISO 10006 \u2013 Requisitos para o&nbsp;Gerenciamento&nbsp;da Qualidade em Projetos \u2013 que \u00e9 um guia e um padr\u00e3o&nbsp;internacional&nbsp;elaborado especificamente para gest\u00e3o de qualidade em projetos. \u201cN\u00e3o com objetivo de certifica\u00e7\u00e3o, mas sim de padroniza\u00e7\u00e3o. O PMI tamb\u00e9m recomenda que seja usada a norma ISO 9001 \u2013 Requisitos do Sistema de Gest\u00e3o da Qualidade \u2013 como modelo de gest\u00e3o de garantia e controle da qualidade em projetos\u201d, afirma.<\/p>\n\n\n\n<p>Sendo assim o controle de qualidade da obra na constru\u00e7\u00e3o civil ajuda a manter o desenrolar de uma obra de forma correta com o intuito de finalizar uma constru\u00e7\u00e3o dentro do tempo pr\u00e9-determinado garantindo assim que esta obra possua uma durabilidade melhor, at\u00e9 porque tudo foi concretizado visando muitas coisas al\u00e9m da qualidade, tornando o resultado final o melhor poss\u00edvel.<\/p>\n\n\n\n<p style=\"text-align:right\">fonte: <a href=\"https:\/\/blog.ipog.edu.br\/engenharia-e-arquitetura\/importancia-processos-qualidade-da-obra\/\">https:\/\/blog.ipog.edu.br\/engenharia-e-arquitetura\/importancia-processos-qualidade-da-obra\/<\/a><\/p>\n<\/div>\n<\/div><\/div>\n","protected":false},"excerpt":{"rendered":"","protected":false},"author":1,"featured_media":0,"parent":0,"menu_order":0,"comment_status":"closed","ping_status":"closed","template":"","meta":{"_monsterinsights_skip_tracking":false,"_monsterinsights_sitenote_active":false,"_monsterinsights_sitenote_note":"","_monsterinsights_sitenote_category":0,"footnotes":""},"class_list":["post-510","page","type-page","status-publish","hentry"],"yoast_head":"<!-- This site is optimized with the Yoast SEO plugin v24.8.1 - https:\/\/yoast.com\/wordpress\/plugins\/seo\/ -->\n<title>Controle de Qualidade - MARATOAN<\/title>\n<meta name=\"robots\" content=\"index, follow, max-snippet:-1, max-image-preview:large, max-video-preview:-1\" \/>\n<link rel=\"canonical\" href=\"https:\/\/maratoan.com.br\/index.php\/controle-de-qualidade-2\/\" \/>\n<meta property=\"og:locale\" content=\"pt_BR\" \/>\n<meta property=\"og:type\" content=\"article\" \/>\n<meta property=\"og:title\" content=\"Controle de Qualidade - MARATOAN\" \/>\n<meta property=\"og:url\" content=\"https:\/\/maratoan.com.br\/index.php\/controle-de-qualidade-2\/\" \/>\n<meta property=\"og:site_name\" content=\"MARATOAN\" \/>\n<meta property=\"article:modified_time\" content=\"2019-07-26T12:40:36+00:00\" \/>\n<meta property=\"og:image\" content=\"https:\/\/blog.ipog.edu.br\/wp-content\/uploads\/2017\/12\/qualidade-da-obra-920x368.jpg\" \/>\n<meta name=\"twitter:card\" content=\"summary_large_image\" \/>\n<meta name=\"twitter:label1\" content=\"Est. tempo de leitura\" \/>\n\t<meta name=\"twitter:data1\" content=\"4 minutos\" \/>\n<script type=\"application\/ld+json\" class=\"yoast-schema-graph\">{\"@context\":\"https:\/\/schema.org\",\"@graph\":[{\"@type\":\"WebPage\",\"@id\":\"https:\/\/maratoan.com.br\/index.php\/controle-de-qualidade-2\/\",\"url\":\"https:\/\/maratoan.com.br\/index.php\/controle-de-qualidade-2\/\",\"name\":\"Controle de Qualidade - MARATOAN\",\"isPartOf\":{\"@id\":\"https:\/\/maratoan.com.br\/#website\"},\"primaryImageOfPage\":{\"@id\":\"https:\/\/maratoan.com.br\/index.php\/controle-de-qualidade-2\/#primaryimage\"},\"image\":{\"@id\":\"https:\/\/maratoan.com.br\/index.php\/controle-de-qualidade-2\/#primaryimage\"},\"thumbnailUrl\":\"https:\/\/blog.ipog.edu.br\/wp-content\/uploads\/2017\/12\/qualidade-da-obra-920x368.jpg\",\"datePublished\":\"2019-07-26T12:40:06+00:00\",\"dateModified\":\"2019-07-26T12:40:36+00:00\",\"breadcrumb\":{\"@id\":\"https:\/\/maratoan.com.br\/index.php\/controle-de-qualidade-2\/#breadcrumb\"},\"inLanguage\":\"pt-BR\",\"potentialAction\":[{\"@type\":\"ReadAction\",\"target\":[\"https:\/\/maratoan.com.br\/index.php\/controle-de-qualidade-2\/\"]}]},{\"@type\":\"ImageObject\",\"inLanguage\":\"pt-BR\",\"@id\":\"https:\/\/maratoan.com.br\/index.php\/controle-de-qualidade-2\/#primaryimage\",\"url\":\"https:\/\/blog.ipog.edu.br\/wp-content\/uploads\/2017\/12\/qualidade-da-obra-920x368.jpg\",\"contentUrl\":\"https:\/\/blog.ipog.edu.br\/wp-content\/uploads\/2017\/12\/qualidade-da-obra-920x368.jpg\"},{\"@type\":\"BreadcrumbList\",\"@id\":\"https:\/\/maratoan.com.br\/index.php\/controle-de-qualidade-2\/#breadcrumb\",\"itemListElement\":[{\"@type\":\"ListItem\",\"position\":1,\"name\":\"In\u00edcio\",\"item\":\"https:\/\/maratoan.com.br\/\"},{\"@type\":\"ListItem\",\"position\":2,\"name\":\"Controle de Qualidade\"}]},{\"@type\":\"WebSite\",\"@id\":\"https:\/\/maratoan.com.br\/#website\",\"url\":\"https:\/\/maratoan.com.br\/\",\"name\":\"MARATOAN\",\"description\":\"Novo modo de fazer engenharia\",\"publisher\":{\"@id\":\"https:\/\/maratoan.com.br\/#organization\"},\"potentialAction\":[{\"@type\":\"SearchAction\",\"target\":{\"@type\":\"EntryPoint\",\"urlTemplate\":\"https:\/\/maratoan.com.br\/?s={search_term_string}\"},\"query-input\":{\"@type\":\"PropertyValueSpecification\",\"valueRequired\":true,\"valueName\":\"search_term_string\"}}],\"inLanguage\":\"pt-BR\"},{\"@type\":\"Organization\",\"@id\":\"https:\/\/maratoan.com.br\/#organization\",\"name\":\"MARATOAN\",\"url\":\"https:\/\/maratoan.com.br\/\",\"logo\":{\"@type\":\"ImageObject\",\"inLanguage\":\"pt-BR\",\"@id\":\"https:\/\/maratoan.com.br\/#\/schema\/logo\/image\/\",\"url\":\"https:\/\/i0.wp.com\/maratoan.com.br\/wp-content\/uploads\/2019\/07\/logoMaratoan.jpg?fit=2176%2C474&ssl=1\",\"contentUrl\":\"https:\/\/i0.wp.com\/maratoan.com.br\/wp-content\/uploads\/2019\/07\/logoMaratoan.jpg?fit=2176%2C474&ssl=1\",\"width\":2176,\"height\":474,\"caption\":\"MARATOAN\"},\"image\":{\"@id\":\"https:\/\/maratoan.com.br\/#\/schema\/logo\/image\/\"}}]}<\/script>\n<!-- \/ Yoast SEO plugin. -->","yoast_head_json":{"title":"Controle de Qualidade - MARATOAN","robots":{"index":"index","follow":"follow","max-snippet":"max-snippet:-1","max-image-preview":"max-image-preview:large","max-video-preview":"max-video-preview:-1"},"canonical":"https:\/\/maratoan.com.br\/index.php\/controle-de-qualidade-2\/","og_locale":"pt_BR","og_type":"article","og_title":"Controle de Qualidade - MARATOAN","og_url":"https:\/\/maratoan.com.br\/index.php\/controle-de-qualidade-2\/","og_site_name":"MARATOAN","article_modified_time":"2019-07-26T12:40:36+00:00","og_image":[{"url":"https:\/\/blog.ipog.edu.br\/wp-content\/uploads\/2017\/12\/qualidade-da-obra-920x368.jpg","type":"","width":"","height":""}],"twitter_card":"summary_large_image","twitter_misc":{"Est. tempo de leitura":"4 minutos"},"schema":{"@context":"https:\/\/schema.org","@graph":[{"@type":"WebPage","@id":"https:\/\/maratoan.com.br\/index.php\/controle-de-qualidade-2\/","url":"https:\/\/maratoan.com.br\/index.php\/controle-de-qualidade-2\/","name":"Controle de Qualidade - MARATOAN","isPartOf":{"@id":"https:\/\/maratoan.com.br\/#website"},"primaryImageOfPage":{"@id":"https:\/\/maratoan.com.br\/index.php\/controle-de-qualidade-2\/#primaryimage"},"image":{"@id":"https:\/\/maratoan.com.br\/index.php\/controle-de-qualidade-2\/#primaryimage"},"thumbnailUrl":"https:\/\/blog.ipog.edu.br\/wp-content\/uploads\/2017\/12\/qualidade-da-obra-920x368.jpg","datePublished":"2019-07-26T12:40:06+00:00","dateModified":"2019-07-26T12:40:36+00:00","breadcrumb":{"@id":"https:\/\/maratoan.com.br\/index.php\/controle-de-qualidade-2\/#breadcrumb"},"inLanguage":"pt-BR","potentialAction":[{"@type":"ReadAction","target":["https:\/\/maratoan.com.br\/index.php\/controle-de-qualidade-2\/"]}]},{"@type":"ImageObject","inLanguage":"pt-BR","@id":"https:\/\/maratoan.com.br\/index.php\/controle-de-qualidade-2\/#primaryimage","url":"https:\/\/blog.ipog.edu.br\/wp-content\/uploads\/2017\/12\/qualidade-da-obra-920x368.jpg","contentUrl":"https:\/\/blog.ipog.edu.br\/wp-content\/uploads\/2017\/12\/qualidade-da-obra-920x368.jpg"},{"@type":"BreadcrumbList","@id":"https:\/\/maratoan.com.br\/index.php\/controle-de-qualidade-2\/#breadcrumb","itemListElement":[{"@type":"ListItem","position":1,"name":"In\u00edcio","item":"https:\/\/maratoan.com.br\/"},{"@type":"ListItem","position":2,"name":"Controle de Qualidade"}]},{"@type":"WebSite","@id":"https:\/\/maratoan.com.br\/#website","url":"https:\/\/maratoan.com.br\/","name":"MARATOAN","description":"Novo modo de fazer engenharia","publisher":{"@id":"https:\/\/maratoan.com.br\/#organization"},"potentialAction":[{"@type":"SearchAction","target":{"@type":"EntryPoint","urlTemplate":"https:\/\/maratoan.com.br\/?s={search_term_string}"},"query-input":{"@type":"PropertyValueSpecification","valueRequired":true,"valueName":"search_term_string"}}],"inLanguage":"pt-BR"},{"@type":"Organization","@id":"https:\/\/maratoan.com.br\/#organization","name":"MARATOAN","url":"https:\/\/maratoan.com.br\/","logo":{"@type":"ImageObject","inLanguage":"pt-BR","@id":"https:\/\/maratoan.com.br\/#\/schema\/logo\/image\/","url":"https:\/\/i0.wp.com\/maratoan.com.br\/wp-content\/uploads\/2019\/07\/logoMaratoan.jpg?fit=2176%2C474&ssl=1","contentUrl":"https:\/\/i0.wp.com\/maratoan.com.br\/wp-content\/uploads\/2019\/07\/logoMaratoan.jpg?fit=2176%2C474&ssl=1","width":2176,"height":474,"caption":"MARATOAN"},"image":{"@id":"https:\/\/maratoan.com.br\/#\/schema\/logo\/image\/"}}]}},"jetpack-related-posts":[],"jetpack_sharing_enabled":true,"_links":{"self":[{"href":"https:\/\/maratoan.com.br\/index.php\/wp-json\/wp\/v2\/pages\/510","targetHints":{"allow":["GET"]}}],"collection":[{"href":"https:\/\/maratoan.com.br\/index.php\/wp-json\/wp\/v2\/pages"}],"about":[{"href":"https:\/\/maratoan.com.br\/index.php\/wp-json\/wp\/v2\/types\/page"}],"author":[{"embeddable":true,"href":"https:\/\/maratoan.com.br\/index.php\/wp-json\/wp\/v2\/users\/1"}],"replies":[{"embeddable":true,"href":"https:\/\/maratoan.com.br\/index.php\/wp-json\/wp\/v2\/comments?post=510"}],"version-history":[{"count":0,"href":"https:\/\/maratoan.com.br\/index.php\/wp-json\/wp\/v2\/pages\/510\/revisions"}],"wp:attachment":[{"href":"https:\/\/maratoan.com.br\/index.php\/wp-json\/wp\/v2\/media?parent=510"}],"curies":[{"name":"wp","href":"https:\/\/api.w.org\/{rel}","templated":true}]}}